{"id":74823,"date":"2026-04-02T10:18:22","date_gmt":"2026-04-02T08:18:22","guid":{"rendered":"https:\/\/baffomagico.it\/?post_type=product&#038;p=74823"},"modified":"2026-04-02T10:20:55","modified_gmt":"2026-04-02T08:20:55","slug":"papalin-jamaica-2021-7-y-o","status":"publish","type":"product","link":"https:\/\/baffomagico.it\/en\/product\/papalin-jamaica-2021-7-y-o\/","title":{"rendered":"Papalin Jamaica 2021 7 Y.O"},"content":{"rendered":"<p>Papalin \u00e8 un progetto dedicato ai blend ideato da Luca Gargano, con l\u2019obiettivo di unire rum di un\u2019isola caraibica che siano stati interamente prodotti e invecchiati presso le distillerie. La prima release, Papalin Jamaica 7 Y.O. Navy Proof, \u00e8 dedicata alla Giamaica. Ai tempi dei primi blend le distillerie di provenienza non venivano mai indicate sulle etichette, mentre per Papalin Jamaica si \u00e8 deciso di dire esplicitamente che il blend \u00e8 stato realizzato con Hampden e Worthy Park, entrambi invecchiati per almeno 7 anni. Il rum \u00e8 stato ridotto a 57,18% ABV, come tributo alle gradazioni storiche dei blend creati per la Marina Britannica.<\/p>","protected":false},"excerpt":{"rendered":"<div><strong>Tipologia:<\/strong>\u00a0Pure Single Rum<\/div>\n<div><strong>Fermentazione:<\/strong>\u00a0Lieviti indigeni e selezionati<\/div>\n<div><strong>Metodo di produzione:\u00a0<\/strong>Distillazione Pot Still<\/div>\n<div><strong>Invecchiamento:\u00a0<\/strong>Tropicale<\/div>\n<div><strong>Astuccio:\u00a0<\/strong>S\u00ec<\/div>","protected":false},"featured_media":74824,"comment_status":"open","ping_status":"closed","template":"","meta":{"_joinchat":[]},"product_brand":[640],"product_cat":[567,385],"product_tag":[659,387,388,344],"class_list":{"0":"post-74823","1":"product","2":"type-product","3":"status-publish","4":"has-post-thumbnail","6":"product_brand-velier","7":"product_cat-distillati","8":"product_cat-ron-rum-rhum","9":"product_tag-jamaica","10":"product_tag-rhum","11":"product_tag-ron","12":"product_tag-rum","14":"first","15":"instock","16":"shipping-taxable","17":"purchasable","18":"product-type-simple"},"jetpack_sharing_enabled":true,"_links":{"self":[{"href":"https:\/\/baffomagico.it\/en\/wp-json\/wp\/v2\/product\/74823","targetHints":{"allow":["GET"]}}],"collection":[{"href":"https:\/\/baffomagico.it\/en\/wp-json\/wp\/v2\/product"}],"about":[{"href":"https:\/\/baffomagico.it\/en\/wp-json\/wp\/v2\/types\/product"}],"replies":[{"embeddable":true,"href":"https:\/\/baffomagico.it\/en\/wp-json\/wp\/v2\/comments?post=74823"}],"wp:featuredmedia":[{"embeddable":true,"href":"https:\/\/baffomagico.it\/en\/wp-json\/wp\/v2\/media\/74824"}],"wp:attachment":[{"href":"https:\/\/baffomagico.it\/en\/wp-json\/wp\/v2\/media?parent=74823"}],"wp:term":[{"taxonomy":"product_brand","embeddable":true,"href":"https:\/\/baffomagico.it\/en\/wp-json\/wp\/v2\/product_brand?post=74823"},{"taxonomy":"product_cat","embeddable":true,"href":"https:\/\/baffomagico.it\/en\/wp-json\/wp\/v2\/product_cat?post=74823"},{"taxonomy":"product_tag","embeddable":true,"href":"https:\/\/baffomagico.it\/en\/wp-json\/wp\/v2\/product_tag?post=74823"}],"curies":[{"name":"wp","href":"https:\/\/api.w.org\/{rel}","templated":true}]}}