{"id":74805,"date":"2026-03-31T10:03:51","date_gmt":"2026-03-31T08:03:51","guid":{"rendered":"https:\/\/baffomagico.it\/?post_type=product&#038;p=74805"},"modified":"2026-03-31T10:05:29","modified_gmt":"2026-03-31T08:05:29","slug":"foursquare-magistero","status":"publish","type":"product","link":"https:\/\/baffomagico.it\/en\/product\/foursquare-magistero\/","title":{"rendered":"Foursquare Magisterium Rum Single Blended Barbados"},"content":{"rendered":"<p>Foursquare Magisterium\u00a0\u00e8 la ventiseiesima release della prestigiosa serie Exceptional Cask Selection. Questo Single Blended Rum di Barbados \u00e8 invecchiato per 16 anni in botti ex-Bourbon ed ex-Sherry. Imbottigliato al 58% vol., senza filtrazione a freddo n\u00e9 additivi, offre un&#8217;esperienza morbida, complessa e profonda, con note di caramello, cioccolato, frutta secca e spezie. Un capolavoro di equilibrio e persistenza.<\/p>","protected":false},"excerpt":{"rendered":"<p>Produttore: Foursquare Distillery <a href=\"https:\/\/www.mywinestore.it\/it\/254_foursquare-distillery\">\u00a0 \u00a0 \u00a0 \u00a0 \u00a0 \u00a0 \u00a0 \u00a0 \u00a0 \u00a0 \u00a0 \u00a0 \u00a0 \u00a0 \u00a0 \u00a0 \u00a0 \u00a0 \u00a0 \u00a0 \u00a0 \u00a0 \u00a0 \u00a0 \u00a0 \u00a0 \u00a0 \u00a0 \u00a0 \u00a0 \u00a0 \u00a0 \u00a0 \u00a0 \u00a0 \u00a0 \u00a0 \u00a0 \u00a0 \u00a0 \u00a0 \u00a0 \u00a0 \u00a0 \u00a0 \u00a0 \u00a0 \u00a0 \u00a0 \u00a0 \u00a0 \u00a0 \u00a0 \u00a0 \u00a0 \u00a0 \u00a0 \u00a0 \u00a0 \u00a0 \u00a0 \u00a0 \u00a0 \u00a0 \u00a0 \u00a0 \u00a0 \u00a0 \u00a0 \u00a0 \u00a0 \u00a0 \u00a0 \u00a0 \u00a0 \u00a0 \u00a0 \u00a0 \u00a0 \u00a0 \u00a0 \u00a0 \u00a0 \u00a0 \u00a0 \u00a0 \u00a0 \u00a0 \u00a0 \u00a0 \u00a0 \u00a0 \u00a0 \u00a0 \u00a0 \u00a0 \u00a0 \u00a0 \u00a0 \u00a0 \u00a0 \u00a0 \u00a0 \u00a0 \u00a0 \u00a0 \u00a0 \u00a0 \u00a0 \u00a0 <\/a><span class=\"clearfix\">Annata: 2024<\/span><span class=\"clearfix\">Regione: Barbados<\/span><\/p>","protected":false},"featured_media":74806,"comment_status":"open","ping_status":"closed","template":"","meta":{"_joinchat":[]},"product_brand":[644],"product_cat":[567,385],"product_tag":[556,557,654,387,388,344],"class_list":{"0":"post-74805","1":"product","2":"type-product","3":"status-publish","4":"has-post-thumbnail","6":"product_brand-foursquare","7":"product_cat-distillati","8":"product_cat-ron-rum-rhum","9":"product_tag-barbados","10":"product_tag-foursquare","11":"product_tag-magisterium","12":"product_tag-rhum","13":"product_tag-ron","14":"product_tag-rum","16":"first","17":"instock","18":"sale","19":"shipping-taxable","20":"purchasable","21":"product-type-simple"},"jetpack_sharing_enabled":true,"_links":{"self":[{"href":"https:\/\/baffomagico.it\/en\/wp-json\/wp\/v2\/product\/74805","targetHints":{"allow":["GET"]}}],"collection":[{"href":"https:\/\/baffomagico.it\/en\/wp-json\/wp\/v2\/product"}],"about":[{"href":"https:\/\/baffomagico.it\/en\/wp-json\/wp\/v2\/types\/product"}],"replies":[{"embeddable":true,"href":"https:\/\/baffomagico.it\/en\/wp-json\/wp\/v2\/comments?post=74805"}],"wp:featuredmedia":[{"embeddable":true,"href":"https:\/\/baffomagico.it\/en\/wp-json\/wp\/v2\/media\/74806"}],"wp:attachment":[{"href":"https:\/\/baffomagico.it\/en\/wp-json\/wp\/v2\/media?parent=74805"}],"wp:term":[{"taxonomy":"product_brand","embeddable":true,"href":"https:\/\/baffomagico.it\/en\/wp-json\/wp\/v2\/product_brand?post=74805"},{"taxonomy":"product_cat","embeddable":true,"href":"https:\/\/baffomagico.it\/en\/wp-json\/wp\/v2\/product_cat?post=74805"},{"taxonomy":"product_tag","embeddable":true,"href":"https:\/\/baffomagico.it\/en\/wp-json\/wp\/v2\/product_tag?post=74805"}],"curies":[{"name":"wp","href":"https:\/\/api.w.org\/{rel}","templated":true}]}}