{"id":74801,"date":"2026-03-30T19:47:12","date_gmt":"2026-03-30T17:47:12","guid":{"rendered":"https:\/\/baffomagico.it\/?post_type=product&#038;p=74801"},"modified":"2026-03-30T19:47:12","modified_gmt":"2026-03-30T17:47:12","slug":"foursquare-2011-rum-single-blended-barbados","status":"publish","type":"product","link":"https:\/\/baffomagico.it\/en\/product\/foursquare-2011-rum-single-blended-barbados\/","title":{"rendered":"Foursquare 2011 Rum Single Blended Barbados"},"content":{"rendered":"<p>Il Foursquare\u00a0 2011 \u00e8 un rum single blended limitato, prodotto in quantit\u00e0 estremamente ridotte e ogni bottiglia \u00e8 un pezzo da collezione. Imbottigliato al naturale al 60% ABV, senza l&#8217;aggiunta di coloranti, zuccheri o altri additivi, e senza filtrazione a freddo, il Foursquare 2011 rappresenta un&#8217;autentica espressione del terroir di Barbados, offrendo un&#8217;esperienza gustativa intensa e memorabile,<\/p>","protected":false},"excerpt":{"rendered":"<p>Produttore: Foursquare Distillery<\/p>\n<p>Grado alcolico: 60%<\/p>\n<p>Invecchiamento: 11 anni<\/p>\n<p>Formato: 0,70 L<\/p>","protected":false},"featured_media":74802,"comment_status":"open","ping_status":"closed","template":"","meta":{"_joinchat":[]},"product_brand":[644],"product_cat":[567,385],"product_tag":[556,557,387,388,344],"class_list":{"0":"post-74801","1":"product","2":"type-product","3":"status-publish","4":"has-post-thumbnail","6":"product_brand-foursquare","7":"product_cat-distillati","8":"product_cat-ron-rum-rhum","9":"product_tag-barbados","10":"product_tag-foursquare","11":"product_tag-rhum","12":"product_tag-ron","13":"product_tag-rum","15":"first","16":"instock","17":"sale","18":"shipping-taxable","19":"purchasable","20":"product-type-simple"},"jetpack_sharing_enabled":true,"_links":{"self":[{"href":"https:\/\/baffomagico.it\/en\/wp-json\/wp\/v2\/product\/74801","targetHints":{"allow":["GET"]}}],"collection":[{"href":"https:\/\/baffomagico.it\/en\/wp-json\/wp\/v2\/product"}],"about":[{"href":"https:\/\/baffomagico.it\/en\/wp-json\/wp\/v2\/types\/product"}],"replies":[{"embeddable":true,"href":"https:\/\/baffomagico.it\/en\/wp-json\/wp\/v2\/comments?post=74801"}],"wp:featuredmedia":[{"embeddable":true,"href":"https:\/\/baffomagico.it\/en\/wp-json\/wp\/v2\/media\/74802"}],"wp:attachment":[{"href":"https:\/\/baffomagico.it\/en\/wp-json\/wp\/v2\/media?parent=74801"}],"wp:term":[{"taxonomy":"product_brand","embeddable":true,"href":"https:\/\/baffomagico.it\/en\/wp-json\/wp\/v2\/product_brand?post=74801"},{"taxonomy":"product_cat","embeddable":true,"href":"https:\/\/baffomagico.it\/en\/wp-json\/wp\/v2\/product_cat?post=74801"},{"taxonomy":"product_tag","embeddable":true,"href":"https:\/\/baffomagico.it\/en\/wp-json\/wp\/v2\/product_tag?post=74801"}],"curies":[{"name":"wp","href":"https:\/\/api.w.org\/{rel}","templated":true}]}}