{"id":74782,"date":"2026-03-30T16:58:30","date_gmt":"2026-03-30T14:58:30","guid":{"rendered":"https:\/\/baffomagico.it\/?post_type=product&#038;p=74782"},"modified":"2026-03-30T16:59:14","modified_gmt":"2026-03-30T14:59:14","slug":"doorlys-14-yo","status":"publish","type":"product","link":"https:\/\/baffomagico.it\/en\/product\/doorlys-14-yo\/","title":{"rendered":"Doorly&#8217;s 14 y.o."},"content":{"rendered":"<p><em>Colore<\/em><br \/>\nIl colore \u00e8 di un ambrato intenso con riflessi dorati promette una ricca esperienza gustativa.<\/p>\n<p><em>Olfatto<\/em><br \/>\nUn naso accattivante di frutta secca, vaniglia e caramella mou si mescola con un sottile sentore di quercia dovuto al processo di invecchiamento.<\/p>\n<p><em>Gusto<\/em><br \/>\nIl palato, ammirevolmente complesso, emana aromi raffinati e persistenti di cioccolato fondente, spezie dolci e frutta candita.<\/p>","protected":false},"excerpt":{"rendered":"<p>Nel corso degli anni, Doorly&#8217;s \u00e8 riuscita a proporre al mondo rum delle Barbados\u00a0di grande nobilt\u00e0. Il Rum 14 Years \u00e8 il portabandiera di questa ricerca dell&#8217;eccellenza. Questo rum \u00e8 il frutto di un know-how ancestrale e incarna perfettamente il prestigio della distilleria. La sua reputazione continua a crescere e oggi \u00e8 una delle annate pi\u00f9 ricercate dagli intenditori di distillati.<\/p>","protected":false},"featured_media":74783,"comment_status":"open","ping_status":"closed","template":"","meta":{"_joinchat":[]},"product_brand":[600],"product_cat":[567,385],"product_tag":[556,651,344],"class_list":{"0":"post-74782","1":"product","2":"type-product","3":"status-publish","4":"has-post-thumbnail","6":"product_brand-doorlys","7":"product_cat-distillati","8":"product_cat-ron-rum-rhum","9":"product_tag-barbados","10":"product_tag-doorlys","11":"product_tag-rum","13":"first","14":"instock","15":"shipping-taxable","16":"purchasable","17":"product-type-simple"},"jetpack_sharing_enabled":true,"_links":{"self":[{"href":"https:\/\/baffomagico.it\/en\/wp-json\/wp\/v2\/product\/74782","targetHints":{"allow":["GET"]}}],"collection":[{"href":"https:\/\/baffomagico.it\/en\/wp-json\/wp\/v2\/product"}],"about":[{"href":"https:\/\/baffomagico.it\/en\/wp-json\/wp\/v2\/types\/product"}],"replies":[{"embeddable":true,"href":"https:\/\/baffomagico.it\/en\/wp-json\/wp\/v2\/comments?post=74782"}],"wp:featuredmedia":[{"embeddable":true,"href":"https:\/\/baffomagico.it\/en\/wp-json\/wp\/v2\/media\/74783"}],"wp:attachment":[{"href":"https:\/\/baffomagico.it\/en\/wp-json\/wp\/v2\/media?parent=74782"}],"wp:term":[{"taxonomy":"product_brand","embeddable":true,"href":"https:\/\/baffomagico.it\/en\/wp-json\/wp\/v2\/product_brand?post=74782"},{"taxonomy":"product_cat","embeddable":true,"href":"https:\/\/baffomagico.it\/en\/wp-json\/wp\/v2\/product_cat?post=74782"},{"taxonomy":"product_tag","embeddable":true,"href":"https:\/\/baffomagico.it\/en\/wp-json\/wp\/v2\/product_tag?post=74782"}],"curies":[{"name":"wp","href":"https:\/\/api.w.org\/{rel}","templated":true}]}}