{"id":74766,"date":"2026-03-27T11:42:13","date_gmt":"2026-03-27T10:42:13","guid":{"rendered":"https:\/\/baffomagico.it\/?post_type=product&#038;p=74766"},"modified":"2026-03-27T11:43:08","modified_gmt":"2026-03-27T10:43:08","slug":"rum-caroni-21-y-o-1998-2019-trinidad-rum-nation","status":"publish","type":"product","link":"https:\/\/baffomagico.it\/en\/product\/rum-caroni-21-y-o-1998-2019-trinidad-rum-nation\/","title":{"rendered":"Rum Caroni 21 y.o. 1998-2019 Trinidad Rum Nation"},"content":{"rendered":"<p>Il Rum Nation Caroni 21 anni proviene da una distilleria leggendaria che non ha certo bisogno di presentazioni. Ha riposato dal 1998 al 2019 e poi \u00e8 stato affinato ulteriormente per 70 mesi in botti ex-Sherry. Il risultato \u00e8 un profilo aromatico in cui la forte intensit\u00e0 tannica raggiunge un\u2019ulteriore profondit\u00e0.<\/p>\n<p>Il naso \u00e8 ricco di esteri, con sentori di bergamotto, cola, anice e liquirizia. Al palato si pu\u00f2 percepire l\u2019influenza dell\u2019affinamento in Sherry, con note morbide di uvetta e marmellata d\u2019arancia, che evolvono e crescono con sfumature di liquirizia, genziana, caff\u00e8 nero e chiodi di garofano. Il finale \u00e8 lunghissimo, molto tannico.<\/p>\n<p>Rum Nation \u00e8 stata fondata nel 1999 da Fabio Rossi con il preciso intento di valorizzare lo spirito e la storia dei luoghi da cui provengono i distillati selezionati. La filosofia principale \u00e8 quella di unire una selezione dei migliori rum di diverse nazioni in un\u2019unica serie, in modo che a essere protagonisti non siano necessariamente i nomi delle distillerie, ma piuttosto l\u2019area di provenienza.<\/p>\n<p>200 bottiglie per l&#8217;italia.<\/p>","protected":false},"excerpt":{"rendered":"<div class=\"data-item data-produttore\"><strong>Produttore:\u00a0<\/strong>Rum Nation<\/div>\n<div class=\"data-item data-feature\"><strong>Tipologia:<\/strong>\u00a0Traditional Rum<\/div>\n<div class=\"data-item data-feature\"><strong>Astuccio:<\/strong>\u00a0Si<\/div>\n<div class=\"data-item data-feature\"><strong>Formato:<\/strong>\u00a070cl<\/div>","protected":false},"featured_media":74767,"comment_status":"open","ping_status":"closed","template":"","meta":{"_joinchat":[]},"product_brand":[650],"product_cat":[567,385],"product_tag":[344,389],"class_list":{"0":"post-74766","1":"product","2":"type-product","3":"status-publish","4":"has-post-thumbnail","6":"product_brand-rum-nation","7":"product_cat-distillati","8":"product_cat-ron-rum-rhum","9":"product_tag-rum","10":"product_tag-rum-nation","12":"first","13":"instock","14":"sale","15":"shipping-taxable","16":"purchasable","17":"product-type-simple"},"jetpack_sharing_enabled":true,"_links":{"self":[{"href":"https:\/\/baffomagico.it\/en\/wp-json\/wp\/v2\/product\/74766","targetHints":{"allow":["GET"]}}],"collection":[{"href":"https:\/\/baffomagico.it\/en\/wp-json\/wp\/v2\/product"}],"about":[{"href":"https:\/\/baffomagico.it\/en\/wp-json\/wp\/v2\/types\/product"}],"replies":[{"embeddable":true,"href":"https:\/\/baffomagico.it\/en\/wp-json\/wp\/v2\/comments?post=74766"}],"wp:featuredmedia":[{"embeddable":true,"href":"https:\/\/baffomagico.it\/en\/wp-json\/wp\/v2\/media\/74767"}],"wp:attachment":[{"href":"https:\/\/baffomagico.it\/en\/wp-json\/wp\/v2\/media?parent=74766"}],"wp:term":[{"taxonomy":"product_brand","embeddable":true,"href":"https:\/\/baffomagico.it\/en\/wp-json\/wp\/v2\/product_brand?post=74766"},{"taxonomy":"product_cat","embeddable":true,"href":"https:\/\/baffomagico.it\/en\/wp-json\/wp\/v2\/product_cat?post=74766"},{"taxonomy":"product_tag","embeddable":true,"href":"https:\/\/baffomagico.it\/en\/wp-json\/wp\/v2\/product_tag?post=74766"}],"curies":[{"name":"wp","href":"https:\/\/api.w.org\/{rel}","templated":true}]}}