{"id":74723,"date":"2026-03-24T18:23:37","date_gmt":"2026-03-24T17:23:37","guid":{"rendered":"https:\/\/baffomagico.it\/?post_type=product&#038;p=74723"},"modified":"2026-03-24T18:23:37","modified_gmt":"2026-03-24T17:23:37","slug":"millonario-xo-magnum-1-5l-confezione-in-pelle","status":"publish","type":"product","link":"https:\/\/baffomagico.it\/en\/product\/millonario-xo-magnum-1-5l-confezione-in-pelle\/","title":{"rendered":"Millonario XO Magnum 1.5L Confezione in pelle"},"content":{"rendered":"<p><strong>Rum Millonario XO Magnum<\/strong>\u00a0invecchia\u00a0oltre 20 anni all&#8217;interno di botti di rovere. Si tratta del fiore all&#8217;occhiello di Ron Millonario, distilleria del Per\u00f9 che si \u00e8 fatta riconoscere nel mondo grazie alla qualit\u00e0 dei suoi prodotti.<\/p>\n<p>Per la produzione di questo rum viene selezionata una miscela di vecchie annate invecchiate in botti di rovere ex-Bourbon ed ex vini spagnoli e francesi. Un rum estremamente lussureggiante, caldo e invitante, dominato dalle note di caramello, frutta disidratata e pasticceria.<\/p>\n<p>Qui nel formato da un litro e mezzo, grazie alla sua\u00a0<strong>preziosa scatola in pelle<\/strong>\u00a0italiana, \u00e8 il regalo perfetto per tutti gli amanti del rum di classe e raffinato, da grandi occasioni.<\/p>","protected":false},"excerpt":{"rendered":"<div class=\"data-item data-produttore\"><strong>Produttore:<\/strong> Ron Millonario<\/div>\n<div class=\"data-item data-feature\"><strong>Provenienza:<\/strong>\u00a0Per\u00f9<\/div>\n<div class=\"data-item data-feature\"><strong>Tipologia:<\/strong>\u00a0Traditional Rum<\/div>\n<div class=\"data-item data-feature\"><strong>Astuccio:<\/strong>\u00a0Si<\/div>\n<div class=\"data-item data-feature\"><strong>Formato:<\/strong>\u00a0150cl<\/div>","protected":false},"featured_media":74724,"comment_status":"open","ping_status":"closed","template":"","meta":{"_joinchat":[]},"product_brand":[583],"product_cat":[567,385],"product_tag":[386,344],"class_list":{"0":"post-74723","1":"product","2":"type-product","3":"status-publish","4":"has-post-thumbnail","6":"product_brand-hampden","7":"product_cat-distillati","8":"product_cat-ron-rum-rhum","9":"product_tag-ron-millonario","10":"product_tag-rum","12":"first","13":"instock","14":"shipping-taxable","15":"purchasable","16":"product-type-simple"},"jetpack_sharing_enabled":true,"_links":{"self":[{"href":"https:\/\/baffomagico.it\/en\/wp-json\/wp\/v2\/product\/74723","targetHints":{"allow":["GET"]}}],"collection":[{"href":"https:\/\/baffomagico.it\/en\/wp-json\/wp\/v2\/product"}],"about":[{"href":"https:\/\/baffomagico.it\/en\/wp-json\/wp\/v2\/types\/product"}],"replies":[{"embeddable":true,"href":"https:\/\/baffomagico.it\/en\/wp-json\/wp\/v2\/comments?post=74723"}],"wp:featuredmedia":[{"embeddable":true,"href":"https:\/\/baffomagico.it\/en\/wp-json\/wp\/v2\/media\/74724"}],"wp:attachment":[{"href":"https:\/\/baffomagico.it\/en\/wp-json\/wp\/v2\/media?parent=74723"}],"wp:term":[{"taxonomy":"product_brand","embeddable":true,"href":"https:\/\/baffomagico.it\/en\/wp-json\/wp\/v2\/product_brand?post=74723"},{"taxonomy":"product_cat","embeddable":true,"href":"https:\/\/baffomagico.it\/en\/wp-json\/wp\/v2\/product_cat?post=74723"},{"taxonomy":"product_tag","embeddable":true,"href":"https:\/\/baffomagico.it\/en\/wp-json\/wp\/v2\/product_tag?post=74723"}],"curies":[{"name":"wp","href":"https:\/\/api.w.org\/{rel}","templated":true}]}}