{"id":74341,"date":"2026-03-09T17:29:01","date_gmt":"2026-03-09T16:29:01","guid":{"rendered":"https:\/\/baffomagico.it\/?post_type=product&#038;p=74341"},"modified":"2026-03-20T14:42:13","modified_gmt":"2026-03-20T13:42:13","slug":"caol-ila-15yo-silver-seal","status":"publish","type":"product","link":"https:\/\/baffomagico.it\/en\/product\/caol-ila-15yo-silver-seal\/","title":{"rendered":"Caol Ila 15yo Silver Seal"},"content":{"rendered":"<p><span dir=\"auto\">Un Caol Ila selezionato da Max Righi di Silver Seal con finitura PX di primo riempimento cask #2101024<\/span><\/p>\n<p><span dir=\"auto\">L&#8217;orzo utilizzato \u00e8 maltato a Port Ellen, gli alambicchi sono molto pi\u00f9 grandi rispetto a quelli delle altre distillerie di Islay e sono riempiti solo a met\u00e0 per consentire un maggiore contatto tra il vapore alcolico e il rame. Per questo motivo, le espressioni di Caol Ila sono molto\u00a0<\/span><span dir=\"auto\">meno torbate<\/span><span dir=\"auto\">\u00a0rispetto ad altri malti di Islay, con un\u00a0<\/span><span dir=\"auto\">sottile carattere affumicato<\/span><span dir=\"auto\">.\u00a0<\/span><\/p>\n<p><span dir=\"auto\">Un malto ricco, autentica espressione della famigerata distilleria. Unisce le note tipiche dell&#8217;iconico whisky di Islay alle note pi\u00f9 dolci del suo affinamento, con accenni di vaniglia, cannella e caramello salato.<\/span><\/p>\n<p>&nbsp;<\/p>\n<p><span dir=\"auto\">70 Cl<\/span><\/p>\n<p><span dir=\"auto\">52,8% Vol.<\/span><\/p>","protected":false},"excerpt":{"rendered":"<p><span dir=\"auto\">Un Caol Ila selezionato da Max Righi di Silver Seal con finitura PX di primo riempimento cask #2101024<\/span><\/p>\n<p><span dir=\"auto\">L&#8217;orzo utilizzato \u00e8 maltato a Port Ellen, gli alambicchi sono molto pi\u00f9 grandi rispetto a quelli delle altre distillerie di Islay e sono riempiti solo a met\u00e0 per consentire un maggiore contatto tra il vapore alcolico e il rame. Per questo motivo, le espressioni di Caol Ila sono molto\u00a0<\/span><span dir=\"auto\">meno torbate<\/span><span dir=\"auto\">\u00a0rispetto ad altri malti di Islay, con un\u00a0<\/span><span dir=\"auto\">sottile carattere affumicato<\/span><span dir=\"auto\">.\u00a0<\/span><\/p>\n<p><span dir=\"auto\">Un malto ricco, autentica espressione della famigerata distilleria. Unisce le note tipiche dell&#8217;iconico whisky di Islay alle note pi\u00f9 dolci del suo affinamento, con accenni di vaniglia, cannella e caramello salato.<\/span><\/p>\n<p>&nbsp;<\/p>\n<p><span dir=\"auto\">70 Cl<\/span><\/p>\n<p><span dir=\"auto\">52,8% Vol.<\/span><\/p>","protected":false},"featured_media":74342,"comment_status":"open","ping_status":"closed","template":"","meta":{"_joinchat":[]},"product_brand":[582],"product_cat":[567,645,390],"product_tag":[579,392],"class_list":{"0":"post-74341","1":"product","2":"type-product","3":"status-publish","4":"has-post-thumbnail","6":"product_brand-silver-seal","7":"product_cat-distillati","8":"product_cat-evidenza","9":"product_cat-whisky-whiskey","10":"product_tag-silver-seal","11":"product_tag-whisky","13":"first","14":"instock","15":"shipping-taxable","16":"purchasable","17":"product-type-simple"},"jetpack_sharing_enabled":true,"_links":{"self":[{"href":"https:\/\/baffomagico.it\/en\/wp-json\/wp\/v2\/product\/74341","targetHints":{"allow":["GET"]}}],"collection":[{"href":"https:\/\/baffomagico.it\/en\/wp-json\/wp\/v2\/product"}],"about":[{"href":"https:\/\/baffomagico.it\/en\/wp-json\/wp\/v2\/types\/product"}],"replies":[{"embeddable":true,"href":"https:\/\/baffomagico.it\/en\/wp-json\/wp\/v2\/comments?post=74341"}],"wp:featuredmedia":[{"embeddable":true,"href":"https:\/\/baffomagico.it\/en\/wp-json\/wp\/v2\/media\/74342"}],"wp:attachment":[{"href":"https:\/\/baffomagico.it\/en\/wp-json\/wp\/v2\/media?parent=74341"}],"wp:term":[{"taxonomy":"product_brand","embeddable":true,"href":"https:\/\/baffomagico.it\/en\/wp-json\/wp\/v2\/product_brand?post=74341"},{"taxonomy":"product_cat","embeddable":true,"href":"https:\/\/baffomagico.it\/en\/wp-json\/wp\/v2\/product_cat?post=74341"},{"taxonomy":"product_tag","embeddable":true,"href":"https:\/\/baffomagico.it\/en\/wp-json\/wp\/v2\/product_tag?post=74341"}],"curies":[{"name":"wp","href":"https:\/\/api.w.org\/{rel}","templated":true}]}}