{"id":73764,"date":"2026-02-13T14:40:27","date_gmt":"2026-02-13T13:40:27","guid":{"rendered":"https:\/\/baffomagico.it\/?post_type=product&#038;p=73764"},"modified":"2026-03-17T11:24:07","modified_gmt":"2026-03-17T10:24:07","slug":"amaro-amara-bark-50-cl","status":"publish","type":"product","link":"https:\/\/baffomagico.it\/en\/product\/amaro-amara-bark-50-cl\/","title":{"rendered":"Amaro Amara Bark 50 cl"},"content":{"rendered":"<p>Amara Bark \u00e8 la nuova release in edizione limitata e numerata di casa Amara, e racchiude tutti i sentori e gli aromi della campagna agricola vulcanica, guardando anche alla sostenibilit\u00e0 ambientale: durante la potatura estiva degli aranceti di famiglia, infatti, viene prelevata la corteccia dei rami pi\u00f9 forti. Questo legno ricco di linfa e dal profumo intenso, invece di essere smaltito, viene cos\u00ec nobilitato nella produzione di un amaro unico nel suo genere, prodotto lasciando riposare in infusione alcolica per sei mesi la corteccia insieme alle erbe spontanee dell\u2019Etna, cui vengono aggiunti poi acqua sorgiva che sgorga a 1200 metri sul vulcano e pochissimo zucchero. Il risultato \u00e8 un amaro di grande complessit\u00e0, ricco di sentori vegetali.<\/p>","protected":false},"excerpt":{"rendered":"<div class=\"p-item-data-list text-center fc-serif py-md-4\">\n<div class=\"data-item data-produttore\"><strong>Produttore:<\/strong> <a class=\"tdu-hover\" href=\"https:\/\/www.spiritacademy.it\/it\/853_amara\">Amara<\/a><\/div>\n<div class=\"data-item data-feature\"><strong>Provenienza:<\/strong> Italia<\/div>\n<div class=\"data-item data-feature\"><strong>Tipologia:<\/strong> Amaro<\/div>\n<div class=\"data-item data-feature\"><strong>Astuccio:<\/strong> Si<\/div>\n<div class=\"data-item data-feature\"><strong>Formato:<\/strong> 50cl<\/div>\n<\/div>","protected":false},"featured_media":74515,"comment_status":"open","ping_status":"closed","template":"","meta":{"_joinchat":[]},"product_brand":[594],"product_cat":[567,572],"product_tag":[565,434,407],"class_list":{"0":"post-73764","1":"product","2":"type-product","3":"status-publish","4":"has-post-thumbnail","6":"product_brand-amara","7":"product_cat-distillati","8":"product_cat-liquori-amari-2","9":"product_tag-amara","10":"product_tag-amaro","11":"product_tag-liquore","13":"first","14":"instock","15":"shipping-taxable","16":"purchasable","17":"product-type-simple"},"jetpack_sharing_enabled":true,"_links":{"self":[{"href":"https:\/\/baffomagico.it\/en\/wp-json\/wp\/v2\/product\/73764","targetHints":{"allow":["GET"]}}],"collection":[{"href":"https:\/\/baffomagico.it\/en\/wp-json\/wp\/v2\/product"}],"about":[{"href":"https:\/\/baffomagico.it\/en\/wp-json\/wp\/v2\/types\/product"}],"replies":[{"embeddable":true,"href":"https:\/\/baffomagico.it\/en\/wp-json\/wp\/v2\/comments?post=73764"}],"wp:featuredmedia":[{"embeddable":true,"href":"https:\/\/baffomagico.it\/en\/wp-json\/wp\/v2\/media\/74515"}],"wp:attachment":[{"href":"https:\/\/baffomagico.it\/en\/wp-json\/wp\/v2\/media?parent=73764"}],"wp:term":[{"taxonomy":"product_brand","embeddable":true,"href":"https:\/\/baffomagico.it\/en\/wp-json\/wp\/v2\/product_brand?post=73764"},{"taxonomy":"product_cat","embeddable":true,"href":"https:\/\/baffomagico.it\/en\/wp-json\/wp\/v2\/product_cat?post=73764"},{"taxonomy":"product_tag","embeddable":true,"href":"https:\/\/baffomagico.it\/en\/wp-json\/wp\/v2\/product_tag?post=73764"}],"curies":[{"name":"wp","href":"https:\/\/api.w.org\/{rel}","templated":true}]}}