{"id":73740,"date":"2026-02-13T14:40:23","date_gmt":"2026-02-13T13:40:23","guid":{"rendered":"https:\/\/baffomagico.it\/?post_type=product&#038;p=73740"},"modified":"2026-03-21T12:38:30","modified_gmt":"2026-03-21T11:38:30","slug":"gin-j-rose-milo-manara-limited-edition-80-compleanno","status":"publish","type":"product","link":"https:\/\/baffomagico.it\/en\/product\/gin-j-rose-milo-manara-limited-edition-80-compleanno\/","title":{"rendered":"Gin J.Rose Milo Manara Limited Edition 80\u00b0 compleanno"},"content":{"rendered":"<p><strong>Caratteristiche esclusive della limited edition:<\/strong><\/p>\n<ul>\n<li><strong>Bottiglia colorata<\/strong>\u00a0con palette ispirata all\u2019universo sensuale del Maestro dell\u2019Eros<\/li>\n<li><strong>Illustrazione inedita<\/strong>\u00a0ispirata a un\u2019opera iconica dell\u2019Ottocento<\/li>\n<li><strong>Logo celebrativo<\/strong>\u00a0con 80 simboli, uno per ogni anno di Milo Manara<\/li>\n<li><strong>Tappo in tinta<\/strong>\u00a0perfettamente coordinato al design<\/li>\n<li><strong>Pugnale esclusivo<\/strong>\u00a0reinterpretato nei colori dell\u2019immagine principale<\/li>\n<li><strong>Sottobottiglia luminoso a tema<\/strong>\u00a0per un effetto scenico unico<\/li>\n<\/ul>\n<p>Edizione limitata, non verr\u00e0 mai pi\u00f9 ristampata.<br \/>\nUn acquisto sulla fiducia, con una certezza:\u00a0<strong>ne varr\u00e0 la pena.<\/strong><\/p>","protected":false},"excerpt":{"rendered":"<p>\u00c8 nelle notti stellate che nascono i sogni, perch\u00e9 ci\u00f2 che immagini gi\u00e0 esiste e vive in qualche angolo dell\u2019universo.<br \/>\nCos\u00ec prende vita\u00a0<strong>JR80<\/strong>, la prima\u00a0<strong>edizione limitata<\/strong>\u00a0di J.Rose, creata in occasione dell\u2019<strong>80\u00b0 compleanno<\/strong>\u00a0del Maestro\u00a0<strong>Milo Manara<\/strong>.<br \/>\nLa JR80 \u00e8 dedicata a lui, ma anche a tutti voi che ci avete scelto e che, con la vostra fiducia, avete contribuito a far crescere questo sogno.<\/p>\n<p>&nbsp;<\/p>","protected":false},"featured_media":74709,"comment_status":"open","ping_status":"closed","template":"","meta":{"_joinchat":[]},"product_brand":[616],"product_cat":[567,547],"product_tag":[548,347,544],"class_list":{"0":"post-73740","1":"product","2":"type-product","3":"status-publish","4":"has-post-thumbnail","6":"product_brand-j-rose","7":"product_cat-distillati","8":"product_cat-gin","9":"product_tag-collezioni","10":"product_tag-gin","11":"product_tag-milo-manara","13":"first","14":"instock","15":"sale","16":"shipping-taxable","17":"purchasable","18":"product-type-simple"},"jetpack_sharing_enabled":true,"_links":{"self":[{"href":"https:\/\/baffomagico.it\/en\/wp-json\/wp\/v2\/product\/73740","targetHints":{"allow":["GET"]}}],"collection":[{"href":"https:\/\/baffomagico.it\/en\/wp-json\/wp\/v2\/product"}],"about":[{"href":"https:\/\/baffomagico.it\/en\/wp-json\/wp\/v2\/types\/product"}],"replies":[{"embeddable":true,"href":"https:\/\/baffomagico.it\/en\/wp-json\/wp\/v2\/comments?post=73740"}],"wp:featuredmedia":[{"embeddable":true,"href":"https:\/\/baffomagico.it\/en\/wp-json\/wp\/v2\/media\/74709"}],"wp:attachment":[{"href":"https:\/\/baffomagico.it\/en\/wp-json\/wp\/v2\/media?parent=73740"}],"wp:term":[{"taxonomy":"product_brand","embeddable":true,"href":"https:\/\/baffomagico.it\/en\/wp-json\/wp\/v2\/product_brand?post=73740"},{"taxonomy":"product_cat","embeddable":true,"href":"https:\/\/baffomagico.it\/en\/wp-json\/wp\/v2\/product_cat?post=73740"},{"taxonomy":"product_tag","embeddable":true,"href":"https:\/\/baffomagico.it\/en\/wp-json\/wp\/v2\/product_tag?post=73740"}],"curies":[{"name":"wp","href":"https:\/\/api.w.org\/{rel}","templated":true}]}}