{"id":73721,"date":"2026-02-13T14:40:21","date_gmt":"2026-02-13T13:40:21","guid":{"rendered":"https:\/\/baffomagico.it\/?post_type=product&#038;p=73721"},"modified":"2026-03-26T19:19:16","modified_gmt":"2026-03-26T18:19:16","slug":"barbados-foursquare-25-year-old-98-24-silver-seal","status":"publish","type":"product","link":"https:\/\/baffomagico.it\/en\/product\/barbados-foursquare-25-year-old-98-24-silver-seal\/","title":{"rendered":"Barbados Foursquare 25 year old 98\/24 Silver Seal"},"content":{"rendered":"<div class=\"row bottom-20\">\n<div class=\"col-sm-12\">\n<div class=\"cont-prod\">\n<div class=\"tab-content\">\n<div id=\"attributi\" class=\"tab-pane fade in active\" role=\"tabpanel\">\n<div class=\"panel-body\">\n<div class=\"row\">\n<div class=\"col-xs-12 col-sm-12\">\n<p><strong>Foursquare rum<\/strong>\u00a0nasce a Barbados da una famiglia con oltre 200 anni di storia nel commercio del rum caraibico. Nel 1926 Reginald Leon Seale avvia l&#8217;attivit\u00e0 di blending e distribuzione a Bridgetown, acquisendo nel tempo marchi storici come Doorly&#8217;s e E.S.A. Field. Nel 1995 Sir David Seale trasforma un&#8217;ex fabbrica di zucchero del XVIII secolo nella moderna Foursquare Distillery, che produce il primo distillato nel 1996. Oggi Richard Seale, quarta generazione, \u00e8 master distiller e guida una delle distillerie pi\u00f9 rispettate al mondo.<\/p>\n<p>La produzione di\u00a0<strong>rum Foursquare<\/strong>\u00a0combina alambicco pot still a doppio retort e colonna continua a tre stadi, creando il caratteristico &#8220;Single Blended Rum&#8221; che unisce complessit\u00e0 aromatica e pulizia. L&#8217;affinamento avviene in botti ex-bourbon, con sperimentazioni in botti ex-cognac, sherry, port e madeira. Nessun additivo, nessuno zucchero aggiunto, nessuna colorazione: la filosofia di Richard Seale si fonda sulla trasparenza totale e sulla qualit\u00e0 del distillato puro.<\/p>\n<p>La serie Exceptional Cask Selection, lanciata nel 2008, rappresenta l&#8217;espressione pi\u00f9 alta del\u00a0<strong>rum Barbados<\/strong>\u00a0contemporaneo. Ogni release \u00e8 un&#8217;edizione limitata selezionata personalmente da Seale quando raggiunge la maturit\u00e0 desiderata. Foursquare \u00e8 oggi considerata da molti esperti il punto di riferimento mondiale per il rum di qualit\u00e0.<\/p>\n<\/div>\n<\/div>\n<\/div>\n<\/div>\n<\/div>\n<\/div>\n<\/div>\n<\/div>","protected":false},"excerpt":{"rendered":"<p>BRAND \/ DISTILLERY <strong>BARBADOS FOURSQUARE <\/strong><\/p>\n<p>AGE <strong>25 Year Old <\/strong><\/p>\n<p>VINTAGE <strong>1998 <\/strong><\/p>\n<p>BOTTLED <strong>2024 <\/strong><\/p>\n<p>CL <strong>70cl <\/strong><\/p>\n<p>%ALC <strong>52.5% <\/strong>BOTTLER <strong>Silver Seal- East Asia <\/strong><\/p>\n<p>EXTRA INFO <strong>Ex Bowmore Mizunara Cask<\/strong><\/p>","protected":false},"featured_media":74436,"comment_status":"open","ping_status":"closed","template":"","meta":{"_joinchat":[]},"product_brand":[582],"product_cat":[567,385],"product_tag":[556,557,344],"class_list":{"0":"post-73721","1":"product","2":"type-product","3":"status-publish","4":"has-post-thumbnail","6":"product_brand-silver-seal","7":"product_cat-distillati","8":"product_cat-ron-rum-rhum","9":"product_tag-barbados","10":"product_tag-foursquare","11":"product_tag-rum","13":"first","14":"outofstock","15":"shipping-taxable","16":"purchasable","17":"product-type-simple"},"jetpack_sharing_enabled":true,"_links":{"self":[{"href":"https:\/\/baffomagico.it\/en\/wp-json\/wp\/v2\/product\/73721","targetHints":{"allow":["GET"]}}],"collection":[{"href":"https:\/\/baffomagico.it\/en\/wp-json\/wp\/v2\/product"}],"about":[{"href":"https:\/\/baffomagico.it\/en\/wp-json\/wp\/v2\/types\/product"}],"replies":[{"embeddable":true,"href":"https:\/\/baffomagico.it\/en\/wp-json\/wp\/v2\/comments?post=73721"}],"wp:featuredmedia":[{"embeddable":true,"href":"https:\/\/baffomagico.it\/en\/wp-json\/wp\/v2\/media\/74436"}],"wp:attachment":[{"href":"https:\/\/baffomagico.it\/en\/wp-json\/wp\/v2\/media?parent=73721"}],"wp:term":[{"taxonomy":"product_brand","embeddable":true,"href":"https:\/\/baffomagico.it\/en\/wp-json\/wp\/v2\/product_brand?post=73721"},{"taxonomy":"product_cat","embeddable":true,"href":"https:\/\/baffomagico.it\/en\/wp-json\/wp\/v2\/product_cat?post=73721"},{"taxonomy":"product_tag","embeddable":true,"href":"https:\/\/baffomagico.it\/en\/wp-json\/wp\/v2\/product_tag?post=73721"}],"curies":[{"name":"wp","href":"https:\/\/api.w.org\/{rel}","templated":true}]}}