{"id":73717,"date":"2026-02-13T14:40:21","date_gmt":"2026-02-13T13:40:21","guid":{"rendered":"https:\/\/baffomagico.it\/?post_type=product&#038;p=73717"},"modified":"2026-03-24T18:31:24","modified_gmt":"2026-03-24T17:31:24","slug":"rhum-papa-rouyo-agricoole-bianco","status":"publish","type":"product","link":"https:\/\/baffomagico.it\/en\/product\/rhum-papa-rouyo-agricoole-bianco\/","title":{"rendered":"Rhum Papa Rouyo agricoole bianco"},"content":{"rendered":"<p>Il Rhum Agricole Blanc Le Rejeton di Papa Rouyo rappresenta un&#8217;eccellenza artigianale proveniente dalla Martinica, territorio noto per la produzione di rhum agricoli distinti e di alta qualit\u00e0. Ottenuto dalla fermentazione diretta del puro succo di canna da zucchero, questo rhum preserva l&#8217;autenticit\u00e0 e la freschezza del terroir caraibico. La sua limpidezza rivela un carattere vibrante e naturale, tipico dei rhum bianchi agricoli, che si distingue per un profilo aromatico intenso ed elegante.<\/p>\n<p>Al naso, si percepiscono note fresche di canna da zucchero, erbe aromatiche e accenni fruttati, che esaltano la vitalit\u00e0 di questo distillato. Al palato si manifesta con una struttura leggera ma persistente, caratterizzata da una piacevole sapidit\u00e0 e da un equilibrio armonioso tra dolcezza naturale e leggera acidit\u00e0. Questo rhum \u00e8 ideale per essere gustato liscio, a temperatura ambiente, o come base pregiata per cocktail raffinati come il Ti&#8217; Punch, esaltando cos\u00ec le sue qualit\u00e0 organolettiche.<\/p>\n<p>Le radici profondamente legate al territorio e l\u2019accurata selezione delle materie prime rendono Le Rejeton un prodotto esemplare per chi desidera esplorare il vero spirito del rhum agricolo caraibico.<\/p>","protected":false},"excerpt":{"rendered":"<div class=\"data-item data-produttore\"><strong>Produttore:<\/strong> Papa Rouyo<\/div>\n<div class=\"data-item data-feature\"><strong>Provenienza:<\/strong>\u00a0Guadalupa<\/div>\n<div class=\"data-item data-feature\"><strong>Tipologia:<\/strong>\u00a0Pure Single Rhum Agricole<\/div>\n<div class=\"data-item data-feature\"><strong>Formato:<\/strong>\u00a070cl<\/div>","protected":false},"featured_media":74710,"comment_status":"open","ping_status":"closed","template":"","meta":{"_joinchat":[]},"product_brand":[640],"product_cat":[567,385],"product_tag":[475,387,344],"class_list":{"0":"post-73717","1":"product","2":"type-product","3":"status-publish","4":"has-post-thumbnail","6":"product_brand-velier","7":"product_cat-distillati","8":"product_cat-ron-rum-rhum","9":"product_tag-papa-rouyo","10":"product_tag-rhum","11":"product_tag-rum","13":"first","14":"instock","15":"shipping-taxable","16":"purchasable","17":"product-type-simple"},"jetpack_sharing_enabled":true,"_links":{"self":[{"href":"https:\/\/baffomagico.it\/en\/wp-json\/wp\/v2\/product\/73717","targetHints":{"allow":["GET"]}}],"collection":[{"href":"https:\/\/baffomagico.it\/en\/wp-json\/wp\/v2\/product"}],"about":[{"href":"https:\/\/baffomagico.it\/en\/wp-json\/wp\/v2\/types\/product"}],"replies":[{"embeddable":true,"href":"https:\/\/baffomagico.it\/en\/wp-json\/wp\/v2\/comments?post=73717"}],"wp:featuredmedia":[{"embeddable":true,"href":"https:\/\/baffomagico.it\/en\/wp-json\/wp\/v2\/media\/74710"}],"wp:attachment":[{"href":"https:\/\/baffomagico.it\/en\/wp-json\/wp\/v2\/media?parent=73717"}],"wp:term":[{"taxonomy":"product_brand","embeddable":true,"href":"https:\/\/baffomagico.it\/en\/wp-json\/wp\/v2\/product_brand?post=73717"},{"taxonomy":"product_cat","embeddable":true,"href":"https:\/\/baffomagico.it\/en\/wp-json\/wp\/v2\/product_cat?post=73717"},{"taxonomy":"product_tag","embeddable":true,"href":"https:\/\/baffomagico.it\/en\/wp-json\/wp\/v2\/product_tag?post=73717"}],"curies":[{"name":"wp","href":"https:\/\/api.w.org\/{rel}","templated":true}]}}