{"id":73715,"date":"2026-02-13T14:40:20","date_gmt":"2026-02-13T13:40:20","guid":{"rendered":"https:\/\/baffomagico.it\/?post_type=product&#038;p=73715"},"modified":"2026-03-17T17:58:41","modified_gmt":"2026-03-17T16:58:41","slug":"ron-santiago-anejo-20-yo","status":"publish","type":"product","link":"https:\/\/baffomagico.it\/en\/product\/ron-santiago-anejo-20-yo\/","title":{"rendered":"Ron Santiago Anejo 20 yo"},"content":{"rendered":"<p>Il Ron Santiago de Cuba Extra A\u00f1ejo 20 A\u00f1os deve il suo esclusivo sapore, al lungo periodo di maturazione in botti di rovere bianco. Il gusto \u00e8 rotondo e armonico mentre il colore \u00e8 dorato scuro. E una volta che il prezioso nettare tocca il palato, rivela tutti i suoi aromi di vaniglia e caramello, combinati con tracce di tabacco leggero e cioccolato. Il finale persistente e rotondo, lascia in bocca forti ricordi di mou, cioccolato fondente, e sentori di vaniglia. Va assaporato rigorosamente liscio, accompagnato solo, eventualmente, da un grande sigaro cubano.<\/p>","protected":false},"excerpt":{"rendered":"<p>Il Ron Santiago de Cuba Extra A\u00f1ejo 20 A\u00f1os deve il suo esclusivo sapore, al lungo periodo di maturazione in botti di rovere bianco. Il gusto \u00e8 rotondo e armonico mentre il colore \u00e8 dorato scuro. E una volta che il prezioso nettare tocca il palato, rivela tutti i suoi aromi di vaniglia e caramello, combinati con tracce di tabacco leggero e cioccolato. Il finale persistente e rotondo, lascia in bocca forti ricordi di mou, cioccolato fondente, e sentori di vaniglia. Va assaporato rigorosamente liscio, accompagnato solo, eventualmente, da un grande sigaro cubano.<\/p>","protected":false},"featured_media":74539,"comment_status":"open","ping_status":"closed","template":"","meta":{"_joinchat":[]},"product_brand":[584],"product_cat":[567,385],"product_tag":[388,344,553],"class_list":{"0":"post-73715","1":"product","2":"type-product","3":"status-publish","4":"has-post-thumbnail","6":"product_brand-santiago-de-cuba","7":"product_cat-distillati","8":"product_cat-ron-rum-rhum","9":"product_tag-ron","10":"product_tag-rum","11":"product_tag-santiago-de-cuba","13":"first","14":"instock","15":"shipping-taxable","16":"purchasable","17":"product-type-simple"},"jetpack_sharing_enabled":true,"_links":{"self":[{"href":"https:\/\/baffomagico.it\/en\/wp-json\/wp\/v2\/product\/73715","targetHints":{"allow":["GET"]}}],"collection":[{"href":"https:\/\/baffomagico.it\/en\/wp-json\/wp\/v2\/product"}],"about":[{"href":"https:\/\/baffomagico.it\/en\/wp-json\/wp\/v2\/types\/product"}],"replies":[{"embeddable":true,"href":"https:\/\/baffomagico.it\/en\/wp-json\/wp\/v2\/comments?post=73715"}],"wp:featuredmedia":[{"embeddable":true,"href":"https:\/\/baffomagico.it\/en\/wp-json\/wp\/v2\/media\/74539"}],"wp:attachment":[{"href":"https:\/\/baffomagico.it\/en\/wp-json\/wp\/v2\/media?parent=73715"}],"wp:term":[{"taxonomy":"product_brand","embeddable":true,"href":"https:\/\/baffomagico.it\/en\/wp-json\/wp\/v2\/product_brand?post=73715"},{"taxonomy":"product_cat","embeddable":true,"href":"https:\/\/baffomagico.it\/en\/wp-json\/wp\/v2\/product_cat?post=73715"},{"taxonomy":"product_tag","embeddable":true,"href":"https:\/\/baffomagico.it\/en\/wp-json\/wp\/v2\/product_tag?post=73715"}],"curies":[{"name":"wp","href":"https:\/\/api.w.org\/{rel}","templated":true}]}}