{"id":73713,"date":"2026-02-13T14:40:20","date_gmt":"2026-02-13T13:40:20","guid":{"rendered":"https:\/\/baffomagico.it\/?post_type=product&#038;p=73713"},"modified":"2026-03-17T17:55:07","modified_gmt":"2026-03-17T16:55:07","slug":"ron-santiago-anejo-12-yo","status":"publish","type":"product","link":"https:\/\/baffomagico.it\/en\/product\/ron-santiago-anejo-12-yo\/","title":{"rendered":"Ron Santiago Anejo 12 yo"},"content":{"rendered":"<p>Il Ron Santiago de Cuba \u00e8 fabbricato, invecchiato e imbottigliato unicamente nella citt\u00e0 di Santiago de Cuba, nella prima e pi\u00f9 antica fabbrica di Ron cubano, risalente al 1862. L&#8217;invecchiamento \u00e8 totalmente naturale al 100%, e viene effeUuato in botti di rovere bianco selezionate e molto vecchie &#8211; alcune sono in uso da pi\u00f9 di 70 anni. II calore e l&#8217;umidit\u00e0 dei Tropici accelerano naturalmente l&#8217;evaporazione dell&#8217;acool e la fusione con le sostanze legnose. Tutto il processo di produzione \u00e8 scrupolosamente controllato dai maestri roneri, che sovrintendono alla fabbricazione delle aguardientes e alla loro mezcla, e che a Santiago de Cuba sono autentiche celebrit\u00e0 che si tramandano l&#8217;arte per la formulazione del Ron nei suoi vari assortimenti. Santiago de Cuba \u00e8 la capitale culturale dei Caraibi: una mezcla della cultura caraibica. Il segreto di Santiago de Cuba \u00e8 una stupenda miscela di tanti popoli cos\u00ec come il segreto del Ron \u00e8 la sapiente miscela delle aguardientes: dentro ogni bottiglia ci sono la storia, il lavoro, i sacrifi, la speranza, la gioia, iI sole, il canto, l&#8217;ospitalit\u00e0, la felicit\u00e0, la fierezza di un popolo senza eguali che ci vengono restituiti con ogni sorso di Ron.<\/p>","protected":false},"excerpt":{"rendered":"<p>Sintesi complessa della grande abilit\u00e0 produttiva dei maestri roneri di Santiago de Cuba, ha colore strupendamente ambrato e profumi fini ed evoluti. Il suo gusto \u00e8 secco ma al tempo stesso soavemente morbido, con ricordi pronunciati dei legni preziosi in cui \u00e8 stato invecchiato.<br \/>\n<strong>Gradazione 40%<\/strong><\/p>","protected":false},"featured_media":74537,"comment_status":"open","ping_status":"closed","template":"","meta":{"_joinchat":[]},"product_brand":[584],"product_cat":[567,385],"product_tag":[388,344,553],"class_list":{"0":"post-73713","1":"product","2":"type-product","3":"status-publish","4":"has-post-thumbnail","6":"product_brand-santiago-de-cuba","7":"product_cat-distillati","8":"product_cat-ron-rum-rhum","9":"product_tag-ron","10":"product_tag-rum","11":"product_tag-santiago-de-cuba","13":"first","14":"instock","15":"shipping-taxable","16":"purchasable","17":"product-type-simple"},"jetpack_sharing_enabled":true,"_links":{"self":[{"href":"https:\/\/baffomagico.it\/en\/wp-json\/wp\/v2\/product\/73713","targetHints":{"allow":["GET"]}}],"collection":[{"href":"https:\/\/baffomagico.it\/en\/wp-json\/wp\/v2\/product"}],"about":[{"href":"https:\/\/baffomagico.it\/en\/wp-json\/wp\/v2\/types\/product"}],"replies":[{"embeddable":true,"href":"https:\/\/baffomagico.it\/en\/wp-json\/wp\/v2\/comments?post=73713"}],"wp:featuredmedia":[{"embeddable":true,"href":"https:\/\/baffomagico.it\/en\/wp-json\/wp\/v2\/media\/74537"}],"wp:attachment":[{"href":"https:\/\/baffomagico.it\/en\/wp-json\/wp\/v2\/media?parent=73713"}],"wp:term":[{"taxonomy":"product_brand","embeddable":true,"href":"https:\/\/baffomagico.it\/en\/wp-json\/wp\/v2\/product_brand?post=73713"},{"taxonomy":"product_cat","embeddable":true,"href":"https:\/\/baffomagico.it\/en\/wp-json\/wp\/v2\/product_cat?post=73713"},{"taxonomy":"product_tag","embeddable":true,"href":"https:\/\/baffomagico.it\/en\/wp-json\/wp\/v2\/product_tag?post=73713"}],"curies":[{"name":"wp","href":"https:\/\/api.w.org\/{rel}","templated":true}]}}