{"id":73705,"date":"2026-02-13T14:40:20","date_gmt":"2026-02-13T13:40:20","guid":{"rendered":"https:\/\/baffomagico.it\/?post_type=product&#038;p=73705"},"modified":"2026-03-21T12:24:56","modified_gmt":"2026-03-21T11:24:56","slug":"kilchoman-machir-bay-46","status":"publish","type":"product","link":"https:\/\/baffomagico.it\/en\/product\/kilchoman-machir-bay-46\/","title":{"rendered":"KILCHOMAN  Machir Bay 46\u00b0"},"content":{"rendered":"<p>Machir Bay \u00e8 la versione pi\u00f9 diffusa di Kilchoman, piccola distilleria artigianale di Islay che coltiva parte dell&#8217;orzo che poi malter\u00e0 sui propri malting floor. Miscela di 90% botti ex-bourbon e 10% ex-sherry, questo Machir Bay prende il nome da una delle spiagge pi\u00f9 famose dell&#8217;isola.<\/p>\n<p>Al naso: aperto, fumo di torba, aria di mare, porto industriale, vaniglia, pesche, pastafrolla e canditi.<br \/>\nIn bocca: molto saporito, ancora su fumo, braci spente e alghe, poi pastafrolla, caramelle di frutta e anice.<br \/>\nFinale: lungo e persistente, torba e limonata zuccherata.<\/p>\n<p>Ottime abbinamento con ostriche.<\/p>","protected":false},"excerpt":{"rendered":"<table class=\"ce-product-features\">\n<tbody>\n<tr class=\"ce-product-features__row\">\n<th class=\"ce-product-features__label\">Tipologia<\/th>\n<td class=\"ce-product-features__value\">SCOTCH<\/td>\n<\/tr>\n<tr class=\"ce-product-features__row\">\n<th class=\"ce-product-features__label\">NAZIONE<\/th>\n<td class=\"ce-product-features__value\">SCOZIA &#8211; ISLAY<\/td>\n<\/tr>\n<tr class=\"ce-product-features__row\">\n<th class=\"ce-product-features__label\">Distilleria\/Marchio<\/th>\n<td class=\"ce-product-features__value\">KILCHOMAN<\/td>\n<\/tr>\n<tr class=\"ce-product-features__row\">\n<th class=\"ce-product-features__label\">Torbatura<\/th>\n<td class=\"ce-product-features__value\">MOLTO TORBATO<\/td>\n<\/tr>\n<tr class=\"ce-product-features__row\">\n<th class=\"ce-product-features__label\">Imbottigliatore<\/th>\n<td class=\"ce-product-features__value\">DISTILLERY BOTTLING<\/td>\n<\/tr>\n<tr class=\"ce-product-features__row\">\n<th class=\"ce-product-features__label\">Vol %<\/th>\n<td class=\"ce-product-features__value\">46<\/td>\n<\/tr>\n<tr class=\"ce-product-features__row\">\n<th class=\"ce-product-features__label\">Capacita<\/th>\n<td class=\"ce-product-features__value\">70<\/td>\n<\/tr>\n<tr class=\"ce-product-features__row\">\n<th class=\"ce-product-features__label\">SINGLE MALT<\/th>\n<td class=\"ce-product-features__value\">\u2713<\/td>\n<\/tr>\n<\/tbody>\n<\/table>","protected":false},"featured_media":74703,"comment_status":"open","ping_status":"closed","template":"","meta":{"_joinchat":[]},"product_brand":[592],"product_cat":[567,390],"product_tag":[549,550,551,552,392],"class_list":{"0":"post-73705","1":"product","2":"type-product","3":"status-publish","4":"has-post-thumbnail","6":"product_brand-kilchoman","7":"product_cat-distillati","8":"product_cat-whisky-whiskey","9":"product_tag-islay","10":"product_tag-kilchoman","11":"product_tag-scotch","12":"product_tag-torba","13":"product_tag-whisky","15":"first","16":"instock","17":"shipping-taxable","18":"purchasable","19":"product-type-simple"},"jetpack_sharing_enabled":true,"_links":{"self":[{"href":"https:\/\/baffomagico.it\/en\/wp-json\/wp\/v2\/product\/73705","targetHints":{"allow":["GET"]}}],"collection":[{"href":"https:\/\/baffomagico.it\/en\/wp-json\/wp\/v2\/product"}],"about":[{"href":"https:\/\/baffomagico.it\/en\/wp-json\/wp\/v2\/types\/product"}],"replies":[{"embeddable":true,"href":"https:\/\/baffomagico.it\/en\/wp-json\/wp\/v2\/comments?post=73705"}],"wp:featuredmedia":[{"embeddable":true,"href":"https:\/\/baffomagico.it\/en\/wp-json\/wp\/v2\/media\/74703"}],"wp:attachment":[{"href":"https:\/\/baffomagico.it\/en\/wp-json\/wp\/v2\/media?parent=73705"}],"wp:term":[{"taxonomy":"product_brand","embeddable":true,"href":"https:\/\/baffomagico.it\/en\/wp-json\/wp\/v2\/product_brand?post=73705"},{"taxonomy":"product_cat","embeddable":true,"href":"https:\/\/baffomagico.it\/en\/wp-json\/wp\/v2\/product_cat?post=73705"},{"taxonomy":"product_tag","embeddable":true,"href":"https:\/\/baffomagico.it\/en\/wp-json\/wp\/v2\/product_tag?post=73705"}],"curies":[{"name":"wp","href":"https:\/\/api.w.org\/{rel}","templated":true}]}}