{"id":73683,"date":"2026-02-13T14:40:18","date_gmt":"2026-02-13T13:40:18","guid":{"rendered":"https:\/\/baffomagico.it\/?post_type=product&#038;p=73683"},"modified":"2026-03-19T12:31:17","modified_gmt":"2026-03-19T11:31:17","slug":"tequila-j-rose-la7vidas-reposado-70cl-cofanettofumetto","status":"publish","type":"product","link":"https:\/\/baffomagico.it\/en\/product\/tequila-j-rose-la7vidas-reposado-70cl-cofanettofumetto\/","title":{"rendered":"Tequila J. Rose La7Vidas Reposado 70cl Cofanetto+Fumetto"},"content":{"rendered":"<div class=\"container_wrap container_wrap_first main_color sidebar_right template-shop shop_columns_3\">\n<div class=\"container\">\n<div id=\"product-43992\" class=\"product type-product post-43992 status-publish first instock product_cat-messico-tequila product_cat-tequila product_tag-j-rose product_tag-la7vidas product_tag-manara product_tag-tequila-reposado has-post-thumbnail shipping-taxable purchasable product-type-simple\">\n<div class=\"single-product-summary\">\n<div class=\"woocommerce-tabs wc-tabs-wrapper\">\n<div id=\"tab-description\" class=\"woocommerce-Tabs-panel woocommerce-Tabs-panel--description panel entry-content wc-tab\" role=\"tabpanel\" aria-labelledby=\"tab-title-description\">\n<p>Nel cuore di Jalisco nasce La 7 Vidas, un tequila che \u00e8 anima, musica e passione messicana. Ispirato dal sogno di Alma Beltr\u00e1n, giovane mariachi, celebra la forza e le radici della tradizione. Ogni bottiglia \u00e8 un\u2019ode alla cultura, impreziosita dalle opere esclusive del Maestro Milo Manara. Un\u2019esperienza sensoriale e visiva che racconta la magia e l\u2019orgoglio di un popolo senza tempo.<\/p>\n<p><strong>Cofanetto + bottiglia Tequila Reposado 100% Agave 70 CL 40% vol + fumetto<\/strong><\/p>\n<p><strong>Affinamento:\u00a0<\/strong>6 mesi in Barrique di rovere francese<\/p>\n<p><strong>Distillazione:\u00a0<\/strong>discontinua, doppia. Alambicco in acciaio con rettificazione in serpentina in rame<\/p>\n<p><strong>Colore:<\/strong>\u00a0oro brillante<\/p>\n<p><strong><span class=\"prodotto__descrizione__content__attributi__title\">Profumo:\u00a0<\/span><\/strong><span class=\"prodotto__descrizione__content__attributi__title\">al\u00a0<\/span><span class=\"prodotto__descrizione__content__attributi__title\">naso agave appena cotto, lentamente si svelano\u00a0lievi note legnose\u00a0che si diffondono delicatamente, facendo spazio a\u00a0sentori di tostatura\u00a0ancora calda<\/span><\/p>\n<p><span class=\"prodotto__descrizione__content__attributi__title\"><strong>Gusto:\u00a0<\/strong>in bocca aroma \u00e8\u00a0profondo e terroso. La persistenza \u00e8\u00a0morbida e rotonda, con richiami alla\u00a0dolcezza naturale di un frutto maturo e corposo<\/span><\/p>\n<\/div>\n<\/div>\n<\/div>\n<\/div>\n<\/div>\n<\/div>\n<div id=\"av_section_1\" class=\"avia-section alternate_color avia-section-small container_wrap fullsize\">\n<div class=\"container\">\n<div class=\"template-page content twelve alpha units\">\n<div class=\"product_column product_column_4\"><\/div>\n<\/div>\n<\/div>\n<\/div>","protected":false},"excerpt":{"rendered":"<p>Nel cuore di Jalisco nasce La 7 Vidas, un tequila che \u00e8 anima, musica e passione messicana. Ispirato dal sogno di Alma Beltr\u00e1n, giovane mariachi, celebra la forza e le radici della tradizione. Ogni bottiglia \u00e8 un\u2019ode alla cultura, impreziosita dalle opere esclusive del Maestro Milo Manara. Un\u2019esperienza sensoriale e visiva che racconta la magia e l\u2019orgoglio di un popolo senza tempo.<\/p>\n<p><strong>Cofanetto + bottiglia Tequila Reposado 100% Agave 70 CL 40% vol + fumetto<\/strong><\/p>\n<p><strong>Affinamento:\u00a0<\/strong>6 mesi in Barrique di rovere francese<\/p>\n<p><strong>Distillazione:\u00a0<\/strong>discontinua, doppia. Alambicco in acciaio con rettificazione in serpentina in rame<\/p>\n<p><strong>Colore:<\/strong>\u00a0oro brillante<\/p>\n<p><strong><span class=\"prodotto__descrizione__content__attributi__title\">Profumo:\u00a0<\/span><\/strong><span class=\"prodotto__descrizione__content__attributi__title\">al\u00a0<\/span><span class=\"prodotto__descrizione__content__attributi__title\">naso agave appena cotto, lentamente si svelano\u00a0lievi note legnose\u00a0che si diffondono delicatamente, facendo spazio a\u00a0sentori di tostatura\u00a0ancora calda<\/span><\/p>\n<p><span class=\"prodotto__descrizione__content__attributi__title\"><strong>Gusto:\u00a0<\/strong>in bocca aroma \u00e8\u00a0profondo e terroso. La persistenza \u00e8\u00a0morbida e rotonda, con richiami alla\u00a0dolcezza naturale di un frutto maturo e corposo<\/span><\/p>","protected":false},"featured_media":74597,"comment_status":"closed","ping_status":"closed","template":"","meta":{"_joinchat":[]},"product_brand":[616],"product_cat":[567,542],"product_tag":[543,544,546],"class_list":{"0":"post-73683","1":"product","2":"type-product","3":"status-publish","4":"has-post-thumbnail","6":"product_brand-j-rose","7":"product_cat-distillati","8":"product_cat-tequila","9":"product_tag-la7vidas","10":"product_tag-milo-manara","11":"product_tag-tequila-j-rose-reposado","13":"first","14":"instock","15":"shipping-taxable","16":"purchasable","17":"product-type-simple"},"jetpack_sharing_enabled":true,"_links":{"self":[{"href":"https:\/\/baffomagico.it\/en\/wp-json\/wp\/v2\/product\/73683","targetHints":{"allow":["GET"]}}],"collection":[{"href":"https:\/\/baffomagico.it\/en\/wp-json\/wp\/v2\/product"}],"about":[{"href":"https:\/\/baffomagico.it\/en\/wp-json\/wp\/v2\/types\/product"}],"replies":[{"embeddable":true,"href":"https:\/\/baffomagico.it\/en\/wp-json\/wp\/v2\/comments?post=73683"}],"wp:featuredmedia":[{"embeddable":true,"href":"https:\/\/baffomagico.it\/en\/wp-json\/wp\/v2\/media\/74597"}],"wp:attachment":[{"href":"https:\/\/baffomagico.it\/en\/wp-json\/wp\/v2\/media?parent=73683"}],"wp:term":[{"taxonomy":"product_brand","embeddable":true,"href":"https:\/\/baffomagico.it\/en\/wp-json\/wp\/v2\/product_brand?post=73683"},{"taxonomy":"product_cat","embeddable":true,"href":"https:\/\/baffomagico.it\/en\/wp-json\/wp\/v2\/product_cat?post=73683"},{"taxonomy":"product_tag","embeddable":true,"href":"https:\/\/baffomagico.it\/en\/wp-json\/wp\/v2\/product_tag?post=73683"}],"curies":[{"name":"wp","href":"https:\/\/api.w.org\/{rel}","templated":true}]}}