{"id":73681,"date":"2026-02-13T14:40:18","date_gmt":"2026-02-13T13:40:18","guid":{"rendered":"https:\/\/baffomagico.it\/?post_type=product&#038;p=73681"},"modified":"2026-03-19T12:30:21","modified_gmt":"2026-03-19T11:30:21","slug":"tequila-j-rose-la7vidas-blanco-cl-70-con-cofanettofumetto","status":"publish","type":"product","link":"https:\/\/baffomagico.it\/en\/product\/tequila-j-rose-la7vidas-blanco-cl-70-con-cofanettofumetto\/","title":{"rendered":"Tequila J.Rose La7Vidas Blanco Cl 70 Con Cofanetto+Fumetto"},"content":{"rendered":"<p>A rendere ancora pi\u00f9 speciale questa creazione \u00e8 la mano del Maestro Milo Manara, che, ispirato da un paese Magico, ha realizzato due opere inedite per celebrare il ricco patrimonio di un popolo straordinario. Con il suo<br \/>\ntratto inconfondibile, il Maestro ci trasporta in un viaggio visivo che racconta la cultura, la bellezza e le emozioni che si intrecciano in ogni angolo di questa terra leggendaria. La 7 Vidas \u00e8 pi\u00f9 di un tequila: \u00e8 un omaggio a una storia di passione, tradizione e sogni che non smettono mai di vivere.<\/p>\n<p>PROFILO ORGANOLETTICO:<\/p>\n<p>La 7 Vidas Blanco \u00e8 un tequila che brilla come un diamante Centenary, scintillante e puro. La cottura in alambiccod&#8217;acciaio ne esalta la trasparenza e la brillantezza e la sua serpentina di rame ne amplifica la luminosit\u00e0, conferendo una lucentezza unica.<br \/>\nOgni sorso \u00e8 un&#8217;esplosione di freschezza, con sentori erbacei che si fondono in perfetta armonia. Ha il profumo dell\u2019agave<br \/>\nappena tagliata e il suo sapore avvolge il palato come una carezza. Al primo impatto \u00e8 pungente e deciso, proprio come una<br \/>\nbattuta di Tony Montana. Ma poi&#8230; ti sorprende, quando scopri una morbidezza e una setosit\u00e0 inaspettata che ti<br \/>\nconquistano all&#8217;istante. La 7 Vidas Blanco \u00e8 fresca, ma con una passione travolgente. \u00c8 delicata, ma audace.<br \/>\nLa 7 Vidas \u00e8 come una relazione complicata, intensa, conflittuale, ma intrigante, perch\u00e9 sai gi\u00e0 cosa pu\u00f2 scatenare&#8230;<br \/>\ned \u00e8 proprio per questo che ti piace e non riesci a farne a meno!<\/p>","protected":false},"excerpt":{"rendered":"<p>L\u2019essenza autentica del Messico! Nel cuore pulsante en Los Altos de Jalisco, dove la terra si mescola con il cielo azzurro e l\u2019anima del Messico si risveglia tra le note travolgenti dei Mariachi, nasce La 7 Vidas, un tequila che non \u00e8 solo un distillato, ma un\u2019esperienza da vivere, sentire e raccontare. Prodotta con passione e maestria dalla distillazione dell\u2019agave azul, La 7 Vidas \u00e8 il tributo perfetto alla<br \/>\nstraordinaria bellezza e alla cultura di una terra che ha dato vita a tradizioni secolari, dove l\u2019allegria \u00e8 una lingua universale e il tequila ne \u00e8 la sua poesia. La storia de La 7 Vidas \u00e8 anche la storia di un sogno: quello di Alma Beltr\u00e1n, una giovane donna che sognava di diventare un mariachi, di dar voce alla sua anima attraverso la musica. La sua figura, viva ed eterna, campeggia sull\u2019etichetta di ogni bottiglia, simbolo di determinazione e passione. Un sogno che, proprio come il distillato che porta il suo nome, ha radici profonde nella terra testimone della sua nascita.<\/p>\n<p><strong>Gradazione 40%<\/strong><\/p>","protected":false},"featured_media":74596,"comment_status":"open","ping_status":"closed","template":"","meta":{"_joinchat":[]},"product_brand":[616],"product_cat":[567,542],"product_tag":[543,544,545],"class_list":{"0":"post-73681","1":"product","2":"type-product","3":"status-publish","4":"has-post-thumbnail","6":"product_brand-j-rose","7":"product_cat-distillati","8":"product_cat-tequila","9":"product_tag-la7vidas","10":"product_tag-milo-manara","11":"product_tag-tequila-j-rose-blanco","13":"first","14":"instock","15":"shipping-taxable","16":"purchasable","17":"product-type-simple"},"jetpack_sharing_enabled":true,"_links":{"self":[{"href":"https:\/\/baffomagico.it\/en\/wp-json\/wp\/v2\/product\/73681","targetHints":{"allow":["GET"]}}],"collection":[{"href":"https:\/\/baffomagico.it\/en\/wp-json\/wp\/v2\/product"}],"about":[{"href":"https:\/\/baffomagico.it\/en\/wp-json\/wp\/v2\/types\/product"}],"replies":[{"embeddable":true,"href":"https:\/\/baffomagico.it\/en\/wp-json\/wp\/v2\/comments?post=73681"}],"wp:featuredmedia":[{"embeddable":true,"href":"https:\/\/baffomagico.it\/en\/wp-json\/wp\/v2\/media\/74596"}],"wp:attachment":[{"href":"https:\/\/baffomagico.it\/en\/wp-json\/wp\/v2\/media?parent=73681"}],"wp:term":[{"taxonomy":"product_brand","embeddable":true,"href":"https:\/\/baffomagico.it\/en\/wp-json\/wp\/v2\/product_brand?post=73681"},{"taxonomy":"product_cat","embeddable":true,"href":"https:\/\/baffomagico.it\/en\/wp-json\/wp\/v2\/product_cat?post=73681"},{"taxonomy":"product_tag","embeddable":true,"href":"https:\/\/baffomagico.it\/en\/wp-json\/wp\/v2\/product_tag?post=73681"}],"curies":[{"name":"wp","href":"https:\/\/api.w.org\/{rel}","templated":true}]}}