{"id":73677,"date":"2026-02-13T14:40:17","date_gmt":"2026-02-13T13:40:17","guid":{"rendered":"https:\/\/baffomagico.it\/?post_type=product&#038;p=73677"},"modified":"2026-03-19T12:34:33","modified_gmt":"2026-03-19T11:34:33","slug":"giulio-ferrari-magnum-ed-limitata-2005-cassa-legno","status":"publish","type":"product","link":"https:\/\/baffomagico.it\/en\/product\/giulio-ferrari-magnum-ed-limitata-2005-cassa-legno\/","title":{"rendered":"Giulio Ferrari Magnum Ed. Limitata 2005 cassa legno"},"content":{"rendered":"<p>Il Giulio Ferrari Edizione Limitata 2005 \u00e8 un\u2019icona di stile che, dopo lunghi anni di affinamento nel buio e nel silenzio delle Cantine Ferrari, \u00e8 riportato alla luce con la sboccatura 2024. Ottenuto dalle migliori uve Chardonnay provenienti dai vigneti della famiglia Lunelli alle pendici dei monti che incorniciano Trento, il Giulio Ferrari Edizione Limitata 2005 si fa assaporare in tutta la sua eleganza, la sua intensit\u00e0 e la sua raffinata ricchezza aromatica. Complice il prezioso lavoro del tempo, la firma pi\u00f9 prestigiosa delle bollicine italiane, consacrata dalla critica internazionale, esprime di nuovo la propria vocazione alla longevit\u00e0, affascinante frutto della migliore viticoltura di montagna.<\/p>","protected":false},"excerpt":{"rendered":"<p><strong>ANNATA 2005<\/strong><\/p>\n<p>La stagione vegetativa ritardata e l&#8217;estate calda fino ad agosto sono culminate nelle piogge pre-vendemmiali che hanno registrato anche escursioni termiche pronunciate, ottime per una buona maturazione delle uve di montagna. Se quantitativamente la raccolta \u00e8 stata inferiore alla media, la qualit\u00e0 dello Chardonnay di montagna si \u00e8, tuttavia, rivelata molto buona, in particolare per l&#8217;equilibrio tra acidit\u00e0 e carica aromatica.<\/p>\n<p>Una bottiglia da 1,5 l.<\/p>","protected":false},"featured_media":74599,"comment_status":"open","ping_status":"closed","template":"","meta":{"_joinchat":[]},"product_brand":[629],"product_cat":[420,567],"product_tag":[541],"class_list":{"0":"post-73677","1":"product","2":"type-product","3":"status-publish","4":"has-post-thumbnail","6":"product_brand-ferrari","7":"product_cat-bollicine","8":"product_cat-distillati","9":"product_tag-ferrari-trento-doc","11":"first","12":"instock","13":"sale","14":"shipping-taxable","15":"purchasable","16":"product-type-simple"},"jetpack_sharing_enabled":true,"_links":{"self":[{"href":"https:\/\/baffomagico.it\/en\/wp-json\/wp\/v2\/product\/73677","targetHints":{"allow":["GET"]}}],"collection":[{"href":"https:\/\/baffomagico.it\/en\/wp-json\/wp\/v2\/product"}],"about":[{"href":"https:\/\/baffomagico.it\/en\/wp-json\/wp\/v2\/types\/product"}],"replies":[{"embeddable":true,"href":"https:\/\/baffomagico.it\/en\/wp-json\/wp\/v2\/comments?post=73677"}],"wp:featuredmedia":[{"embeddable":true,"href":"https:\/\/baffomagico.it\/en\/wp-json\/wp\/v2\/media\/74599"}],"wp:attachment":[{"href":"https:\/\/baffomagico.it\/en\/wp-json\/wp\/v2\/media?parent=73677"}],"wp:term":[{"taxonomy":"product_brand","embeddable":true,"href":"https:\/\/baffomagico.it\/en\/wp-json\/wp\/v2\/product_brand?post=73677"},{"taxonomy":"product_cat","embeddable":true,"href":"https:\/\/baffomagico.it\/en\/wp-json\/wp\/v2\/product_cat?post=73677"},{"taxonomy":"product_tag","embeddable":true,"href":"https:\/\/baffomagico.it\/en\/wp-json\/wp\/v2\/product_tag?post=73677"}],"curies":[{"name":"wp","href":"https:\/\/api.w.org\/{rel}","templated":true}]}}