{"id":73580,"date":"2026-02-13T14:40:05","date_gmt":"2026-02-13T13:40:05","guid":{"rendered":"https:\/\/baffomagico.it\/?post_type=product&#038;p=73580"},"modified":"2026-03-13T19:09:03","modified_gmt":"2026-03-13T18:09:03","slug":"scacchiera-a-libro-magnetica","status":"publish","type":"product","link":"https:\/\/baffomagico.it\/en\/product\/scacchiera-a-libro-magnetica\/","title":{"rendered":"Scacchiera a Libro Magnetica"},"content":{"rendered":"<p>La comoda scacchiera a libro magnetica Dal Negro in legno che porta un sacco di divertimento anche ai giocatori con meno esperienza. Questa scacchiera di dimensioni perfette \u00e8 abbastanza piccola da poter essere portata in giro, ma abbastanza grande da poter giocare facilmente. Il gioco degli scacchi \u00e8 ideale per allenare il pensiero logico, migliorare la concentrazione, la memoria, la creativit\u00e0 e le capacit\u00e0 di risoluzione dei problemi.<\/p>","protected":false},"excerpt":{"rendered":"<p>La comoda scacchiera a libro magnetica Dal Negro in legno che porta un sacco di divertimento anche ai giocatori con meno esperienza. Questa scacchiera di dimensioni perfette \u00e8 abbastanza piccola da poter essere portata in giro, ma abbastanza grande da poter giocare facilmente. Il gioco degli scacchi \u00e8 ideale per allenare il pensiero logico, migliorare la concentrazione, la memoria, la creativit\u00e0 e le capacit\u00e0 di risoluzione dei problemi.<\/p>","protected":false},"featured_media":73020,"comment_status":"open","ping_status":"closed","template":"","meta":{"_joinchat":[]},"product_brand":[627],"product_cat":[576],"product_tag":[496,504],"class_list":{"0":"post-73580","1":"product","2":"type-product","3":"status-publish","4":"has-post-thumbnail","6":"product_brand-dal-negro","7":"product_cat-giochi-da-tavolo-e-accessori","8":"product_tag-dal-negro","9":"product_tag-scacchiera","11":"first","12":"instock","13":"shipping-taxable","14":"purchasable","15":"product-type-simple"},"jetpack_sharing_enabled":true,"_links":{"self":[{"href":"https:\/\/baffomagico.it\/en\/wp-json\/wp\/v2\/product\/73580","targetHints":{"allow":["GET"]}}],"collection":[{"href":"https:\/\/baffomagico.it\/en\/wp-json\/wp\/v2\/product"}],"about":[{"href":"https:\/\/baffomagico.it\/en\/wp-json\/wp\/v2\/types\/product"}],"replies":[{"embeddable":true,"href":"https:\/\/baffomagico.it\/en\/wp-json\/wp\/v2\/comments?post=73580"}],"wp:featuredmedia":[{"embeddable":true,"href":"https:\/\/baffomagico.it\/en\/wp-json\/wp\/v2\/media\/73020"}],"wp:attachment":[{"href":"https:\/\/baffomagico.it\/en\/wp-json\/wp\/v2\/media?parent=73580"}],"wp:term":[{"taxonomy":"product_brand","embeddable":true,"href":"https:\/\/baffomagico.it\/en\/wp-json\/wp\/v2\/product_brand?post=73580"},{"taxonomy":"product_cat","embeddable":true,"href":"https:\/\/baffomagico.it\/en\/wp-json\/wp\/v2\/product_cat?post=73580"},{"taxonomy":"product_tag","embeddable":true,"href":"https:\/\/baffomagico.it\/en\/wp-json\/wp\/v2\/product_tag?post=73580"}],"curies":[{"name":"wp","href":"https:\/\/api.w.org\/{rel}","templated":true}]}}