{"id":73556,"date":"2026-02-13T14:40:03","date_gmt":"2026-02-13T13:40:03","guid":{"rendered":"https:\/\/baffomagico.it\/?post_type=product&#038;p=73556"},"modified":"2026-03-26T19:13:12","modified_gmt":"2026-03-26T18:13:12","slug":"rhum-j-m-rhum-vieux-v-s-o-p-agricole","status":"publish","type":"product","link":"https:\/\/baffomagico.it\/en\/product\/rhum-j-m-rhum-vieux-v-s-o-p-agricole\/","title":{"rendered":"Rhum J.M Rhum Vieux V.S.O.P Agricole"},"content":{"rendered":"<p>Azienda a gestione famigliare dal 1914: gli ettari di propriet\u00e0 sono 300, di cui 150 destinati alla coltivazione della canna da zucchero, banane e ananas. Oggi gli eredi della famiglia Crassous de M\u00e9deuil portano avanti con passione gli antichi e tradizionali metodi di produzione del Rhum J.M.<\/p>\n<p>MATERIA PRIMA SELEZIONATA: la canna da zucchero dopo esser tagliata viene, entro un\u2019ora, pressata per estrarre il succo fresco e puro che verr\u00e0 usato per la fermentazione.<\/p>\n<p>MICROCLIMA ECCEZIONALE: le 4 variet\u00e0 di canna da zucchero impiegate sono coltivate ai piedi del Monte Pel\u00e9e. L\u2019Habitation Bellevue gode di un clima tropicale ed eccellente con un terreno vulcanico particolarmente ricco e fertile. Il periodo di raccolta avviene tra marzo e giugno.<\/p>\n<p>ACQUA PREZIOSA: l\u2019acqua pura utilizzata proviene da una sorgente di propriet\u00e0 di origine vulcanica ricca di minerali del vicino Monte Pel\u00e9e. Particolarit\u00e0 che rende unica e di qualit\u00e0 la produzione dei Rhum J.M.<\/p>\n<p>ALAMBICCO A DOPPIA COLONNA IN RAME DI TIPO CREOLO: dalla distillazione si ricava un rhum con una gradazione alcolica non eccessiva, intorno al 72%, per preservare gli aromi floreali e naturali ricchi di sapori fruttati conferiti dalla materia prima usata.<\/p>\n<p>Gradazione: 43%<br \/>\nFormato: 70 cl.<\/p>","protected":false},"excerpt":{"rendered":"<p>Invecchiato per quattro anni in botti di Bourbon \u00e8 di colore oro scuro con spiccate note bois\u00e9 e fruttate che si fondono con quelle di spazi e caff\u00e8 tostato. Al palato \u00e8 di grande equilibrio e piacevolezza con note di vaniglia e cannella fuse con quelle di frutta candita.<\/p>","protected":false},"featured_media":72984,"comment_status":"open","ping_status":"closed","template":"","meta":{"_joinchat":[]},"product_brand":[585],"product_cat":[567,385],"product_tag":[387,493,388,344],"class_list":{"0":"post-73556","1":"product","2":"type-product","3":"status-publish","4":"has-post-thumbnail","6":"product_brand-j-m","7":"product_cat-distillati","8":"product_cat-ron-rum-rhum","9":"product_tag-rhum","10":"product_tag-rhum-j-m","11":"product_tag-ron","12":"product_tag-rum","14":"first","15":"instock","16":"sale","17":"shipping-taxable","18":"purchasable","19":"product-type-simple"},"jetpack_sharing_enabled":true,"_links":{"self":[{"href":"https:\/\/baffomagico.it\/en\/wp-json\/wp\/v2\/product\/73556","targetHints":{"allow":["GET"]}}],"collection":[{"href":"https:\/\/baffomagico.it\/en\/wp-json\/wp\/v2\/product"}],"about":[{"href":"https:\/\/baffomagico.it\/en\/wp-json\/wp\/v2\/types\/product"}],"replies":[{"embeddable":true,"href":"https:\/\/baffomagico.it\/en\/wp-json\/wp\/v2\/comments?post=73556"}],"wp:featuredmedia":[{"embeddable":true,"href":"https:\/\/baffomagico.it\/en\/wp-json\/wp\/v2\/media\/72984"}],"wp:attachment":[{"href":"https:\/\/baffomagico.it\/en\/wp-json\/wp\/v2\/media?parent=73556"}],"wp:term":[{"taxonomy":"product_brand","embeddable":true,"href":"https:\/\/baffomagico.it\/en\/wp-json\/wp\/v2\/product_brand?post=73556"},{"taxonomy":"product_cat","embeddable":true,"href":"https:\/\/baffomagico.it\/en\/wp-json\/wp\/v2\/product_cat?post=73556"},{"taxonomy":"product_tag","embeddable":true,"href":"https:\/\/baffomagico.it\/en\/wp-json\/wp\/v2\/product_tag?post=73556"}],"curies":[{"name":"wp","href":"https:\/\/api.w.org\/{rel}","templated":true}]}}