{"id":73551,"date":"2026-02-13T14:40:02","date_gmt":"2026-02-13T13:40:02","guid":{"rendered":"https:\/\/baffomagico.it\/?post_type=product&#038;p=73551"},"modified":"2026-03-13T19:21:01","modified_gmt":"2026-03-13T18:21:01","slug":"porto-grahams-late-bottled-vintage-2013","status":"publish","type":"product","link":"https:\/\/baffomagico.it\/en\/product\/porto-grahams-late-bottled-vintage-2013\/","title":{"rendered":"Porto Graham&#8217;s Late Bottled Vintage 2013"},"content":{"rendered":"<p>Le abbondanti piogge all&#8217;inizio dell&#8217;anno hanno contribuito alla ricostituzione delle riserve idriche del suolo, fondamentali nei mesi caldi e secchi estivi che si sono susseguiti. Le escursioni termiche all&#8217;inizio del periodo della vendemmia e qualche pioggia, hanno favorito le fasi finali della maturazione e un\u2019ottima acidit\u00e0; la variet\u00e0 che ha risposto al meglio \u00e8 stata la Touriga Franca di cui si compone principalmente questo LBV.<\/p>\n<p>Gradazione: 20%<br \/>\nFormato: 100 cl.<\/p>","protected":false},"excerpt":{"rendered":"<p>Porto dal colore rubino intenso. Al naso intenso, vellutato, con aromi di frutta matura e sentori floreali come la menta. Al palato grande finezza con eccellente equilibrio e struttura. Servizio consigliato: liscio, con ghiaccio, o pura degustazione.<\/p>","protected":false},"featured_media":72974,"comment_status":"open","ping_status":"closed","template":"","meta":{"_joinchat":[]},"product_brand":[619],"product_cat":[567,398],"product_tag":[489,402],"class_list":{"0":"post-73551","1":"product","2":"type-product","3":"status-publish","4":"has-post-thumbnail","6":"product_brand-grahams","7":"product_cat-distillati","8":"product_cat-vini-fortificati","9":"product_tag-grahams","10":"product_tag-porto","12":"first","13":"instock","14":"sale","15":"shipping-taxable","16":"purchasable","17":"product-type-simple"},"jetpack_sharing_enabled":true,"_links":{"self":[{"href":"https:\/\/baffomagico.it\/en\/wp-json\/wp\/v2\/product\/73551","targetHints":{"allow":["GET"]}}],"collection":[{"href":"https:\/\/baffomagico.it\/en\/wp-json\/wp\/v2\/product"}],"about":[{"href":"https:\/\/baffomagico.it\/en\/wp-json\/wp\/v2\/types\/product"}],"replies":[{"embeddable":true,"href":"https:\/\/baffomagico.it\/en\/wp-json\/wp\/v2\/comments?post=73551"}],"wp:featuredmedia":[{"embeddable":true,"href":"https:\/\/baffomagico.it\/en\/wp-json\/wp\/v2\/media\/72974"}],"wp:attachment":[{"href":"https:\/\/baffomagico.it\/en\/wp-json\/wp\/v2\/media?parent=73551"}],"wp:term":[{"taxonomy":"product_brand","embeddable":true,"href":"https:\/\/baffomagico.it\/en\/wp-json\/wp\/v2\/product_brand?post=73551"},{"taxonomy":"product_cat","embeddable":true,"href":"https:\/\/baffomagico.it\/en\/wp-json\/wp\/v2\/product_cat?post=73551"},{"taxonomy":"product_tag","embeddable":true,"href":"https:\/\/baffomagico.it\/en\/wp-json\/wp\/v2\/product_tag?post=73551"}],"curies":[{"name":"wp","href":"https:\/\/api.w.org\/{rel}","templated":true}]}}