{"id":73548,"date":"2026-02-13T14:40:02","date_gmt":"2026-02-13T13:40:02","guid":{"rendered":"https:\/\/baffomagico.it\/?post_type=product&#038;p=73548"},"modified":"2026-03-13T19:40:27","modified_gmt":"2026-03-13T18:40:27","slug":"porto-grahams-the-tawny","status":"publish","type":"product","link":"https:\/\/baffomagico.it\/en\/product\/porto-grahams-the-tawny\/","title":{"rendered":"Porto Graham&#8217;s The Tawny"},"content":{"rendered":"<p>Matura per una media di sette-nove anni in botti di rovere di quercia. Il Master Blender Charles Symington sceglie di includere nel blend alcuni vini considerevolmente pi\u00f9 vecchi cos\u00ec da enfatizzare ancora di pi\u00f9 l\u2019affinamento e gli aromi evolutivi.<\/p>\n<p>Gradazione: 20%<br \/>\nFormati: 0,75 l<\/p>","protected":false},"excerpt":{"rendered":"<p>Di colore dorato-ambra al naso si presenta con aromi complessi di buccia d&#8217;arancia, di cannella, prugne, uvetta e fichi. \u00c8 di sapore pieno e generoso, con un finale lungo e pulito.<\/p>","protected":false},"featured_media":72971,"comment_status":"open","ping_status":"closed","template":"","meta":{"_joinchat":[]},"product_brand":[619],"product_cat":[567,398],"product_tag":[489,402],"class_list":{"0":"post-73548","1":"product","2":"type-product","3":"status-publish","4":"has-post-thumbnail","6":"product_brand-grahams","7":"product_cat-distillati","8":"product_cat-vini-fortificati","9":"product_tag-grahams","10":"product_tag-porto","12":"first","13":"instock","14":"shipping-taxable","15":"purchasable","16":"product-type-simple"},"jetpack_sharing_enabled":true,"_links":{"self":[{"href":"https:\/\/baffomagico.it\/en\/wp-json\/wp\/v2\/product\/73548","targetHints":{"allow":["GET"]}}],"collection":[{"href":"https:\/\/baffomagico.it\/en\/wp-json\/wp\/v2\/product"}],"about":[{"href":"https:\/\/baffomagico.it\/en\/wp-json\/wp\/v2\/types\/product"}],"replies":[{"embeddable":true,"href":"https:\/\/baffomagico.it\/en\/wp-json\/wp\/v2\/comments?post=73548"}],"wp:featuredmedia":[{"embeddable":true,"href":"https:\/\/baffomagico.it\/en\/wp-json\/wp\/v2\/media\/72971"}],"wp:attachment":[{"href":"https:\/\/baffomagico.it\/en\/wp-json\/wp\/v2\/media?parent=73548"}],"wp:term":[{"taxonomy":"product_brand","embeddable":true,"href":"https:\/\/baffomagico.it\/en\/wp-json\/wp\/v2\/product_brand?post=73548"},{"taxonomy":"product_cat","embeddable":true,"href":"https:\/\/baffomagico.it\/en\/wp-json\/wp\/v2\/product_cat?post=73548"},{"taxonomy":"product_tag","embeddable":true,"href":"https:\/\/baffomagico.it\/en\/wp-json\/wp\/v2\/product_tag?post=73548"}],"curies":[{"name":"wp","href":"https:\/\/api.w.org\/{rel}","templated":true}]}}