{"id":73526,"date":"2026-02-13T14:39:59","date_gmt":"2026-02-13T13:39:59","guid":{"rendered":"https:\/\/baffomagico.it\/?post_type=product&#038;p=73526"},"modified":"2026-03-16T11:47:07","modified_gmt":"2026-03-16T10:47:07","slug":"whisky-grants-triplewood","status":"publish","type":"product","link":"https:\/\/baffomagico.it\/en\/product\/whisky-grants-triplewood\/","title":{"rendered":"Whisky Grant&#8217;s Triplewood"},"content":{"rendered":"<p>Grant&#8217;s Triplewood \u00e8 uno dei pi\u00f9 storici blended whisky di Scozia. La botte di rovere vergine americano contribuisce a una robusta speziatura, la botte di rovere americano di secondo passaggio dona dolcezza e morbidezza mentre bourbon refill porta con s\u00e9 le note zuccherine del whiskey americano. Non viene specificata l&#8217;et\u00e0 di invecchiamento ma sappiamo che \u00e8 uno scotch, quindi almeno 3 anni di invecchiamento in Scozia.<\/p>\n<p>Gradazione: 40%<br \/>\nFormato: 70 cl.<\/p>","protected":false},"excerpt":{"rendered":"<p>Grant&#8217;s Triplewood \u00e8 uno dei pi\u00f9 storici blended whisky di Scozia. La botte di rovere vergine americano contribuisce a una robusta speziatura, la botte di rovere americano di secondo passaggio dona dolcezza e morbidezza mentre bourbon refill porta con s\u00e9 le note zuccherine del whiskey americano. Non viene specificata l&#8217;et\u00e0 di invecchiamento ma sappiamo che \u00e8 uno scotch, quindi almeno 3 anni di invecchiamento in Scozia.<\/p>","protected":false},"featured_media":72929,"comment_status":"open","ping_status":"closed","template":"","meta":{"_joinchat":[]},"product_brand":[624],"product_cat":[567,390],"product_tag":[480,345,392],"class_list":{"0":"post-73526","1":"product","2":"type-product","3":"status-publish","4":"has-post-thumbnail","6":"product_brand-grants","7":"product_cat-distillati","8":"product_cat-whisky-whiskey","9":"product_tag-grants","10":"product_tag-whiskey","11":"product_tag-whisky","13":"first","14":"instock","15":"shipping-taxable","16":"purchasable","17":"product-type-simple"},"jetpack_sharing_enabled":true,"_links":{"self":[{"href":"https:\/\/baffomagico.it\/en\/wp-json\/wp\/v2\/product\/73526","targetHints":{"allow":["GET"]}}],"collection":[{"href":"https:\/\/baffomagico.it\/en\/wp-json\/wp\/v2\/product"}],"about":[{"href":"https:\/\/baffomagico.it\/en\/wp-json\/wp\/v2\/types\/product"}],"replies":[{"embeddable":true,"href":"https:\/\/baffomagico.it\/en\/wp-json\/wp\/v2\/comments?post=73526"}],"wp:featuredmedia":[{"embeddable":true,"href":"https:\/\/baffomagico.it\/en\/wp-json\/wp\/v2\/media\/72929"}],"wp:attachment":[{"href":"https:\/\/baffomagico.it\/en\/wp-json\/wp\/v2\/media?parent=73526"}],"wp:term":[{"taxonomy":"product_brand","embeddable":true,"href":"https:\/\/baffomagico.it\/en\/wp-json\/wp\/v2\/product_brand?post=73526"},{"taxonomy":"product_cat","embeddable":true,"href":"https:\/\/baffomagico.it\/en\/wp-json\/wp\/v2\/product_cat?post=73526"},{"taxonomy":"product_tag","embeddable":true,"href":"https:\/\/baffomagico.it\/en\/wp-json\/wp\/v2\/product_tag?post=73526"}],"curies":[{"name":"wp","href":"https:\/\/api.w.org\/{rel}","templated":true}]}}