{"id":73522,"date":"2026-02-13T14:39:59","date_gmt":"2026-02-13T13:39:59","guid":{"rendered":"https:\/\/baffomagico.it\/?post_type=product&#038;p=73522"},"modified":"2026-03-17T17:11:04","modified_gmt":"2026-03-17T16:11:04","slug":"rhum-rhum-liberation-2020-integral","status":"publish","type":"product","link":"https:\/\/baffomagico.it\/en\/product\/rhum-rhum-liberation-2020-integral\/","title":{"rendered":"Rhum Rhum Liberation 2020 Integral"},"content":{"rendered":"<p>Rhum Rhum Liberation 2020 \u00e8 il Pure Single Agricole Rhum prodotto a partire da una antica variet\u00e0 di canna da zucchero, la Rouge B47.259, quasi scomparsa dalle Antille. Una volta raggiunta la perfetta maturazione, le canne vengono tagliate a mano con i tradizionali &#8220;coutelas&#8221; e trasportate verso la distilleria sui &#8220;cabrouet&#8221; trainati dai tori. Il succo appena pressato non viene diluito, come accade abitualmente nella produzione dei rhum agricoles; le fermentazioni avvengono in tini aperti a temperatura controllata e durano fino a 5\/6 giorni. Dopo la distillazione inizia un lungo periodo di riposo in tini di acciaio che dura fino a un anno, durante il quale viene lentamente abbassato il grado alcolico. Il rum viene poi messo a invecchiare in botti di rovere francese che hanno contenuto alcuni dei migliori vini provenienti dai pi\u00f9 grandi crus della Francia. Tutti i Liberation riportano in etichetta l&#8217;anno di &#8220;liberazione&#8221; dal barile. Questa versione \u00e8 stata imbottigliata a 56\u00b0<\/p>","protected":false},"excerpt":{"rendered":"<p>Rhum Rhum Liberation Integral 2020 si degusta liscio, \u00e8 una bottiglia che non pu\u00f2 mancare nella selezione dei grandi appassionati di rhum agricole, che troveranno in Rhum Rhum una vera marcia in pi\u00f9.<\/p>","protected":false},"featured_media":72920,"comment_status":"open","ping_status":"closed","template":"","meta":{"_joinchat":[]},"product_brand":[598],"product_cat":[567,385],"product_tag":[387,478,388,344],"class_list":{"0":"post-73522","1":"product","2":"type-product","3":"status-publish","4":"has-post-thumbnail","6":"product_brand-capovilla","7":"product_cat-distillati","8":"product_cat-ron-rum-rhum","9":"product_tag-rhum","10":"product_tag-rhum-rhum","11":"product_tag-ron","12":"product_tag-rum","14":"first","15":"outofstock","16":"sale","17":"shipping-taxable","18":"purchasable","19":"product-type-simple"},"jetpack_sharing_enabled":true,"_links":{"self":[{"href":"https:\/\/baffomagico.it\/en\/wp-json\/wp\/v2\/product\/73522","targetHints":{"allow":["GET"]}}],"collection":[{"href":"https:\/\/baffomagico.it\/en\/wp-json\/wp\/v2\/product"}],"about":[{"href":"https:\/\/baffomagico.it\/en\/wp-json\/wp\/v2\/types\/product"}],"replies":[{"embeddable":true,"href":"https:\/\/baffomagico.it\/en\/wp-json\/wp\/v2\/comments?post=73522"}],"wp:featuredmedia":[{"embeddable":true,"href":"https:\/\/baffomagico.it\/en\/wp-json\/wp\/v2\/media\/72920"}],"wp:attachment":[{"href":"https:\/\/baffomagico.it\/en\/wp-json\/wp\/v2\/media?parent=73522"}],"wp:term":[{"taxonomy":"product_brand","embeddable":true,"href":"https:\/\/baffomagico.it\/en\/wp-json\/wp\/v2\/product_brand?post=73522"},{"taxonomy":"product_cat","embeddable":true,"href":"https:\/\/baffomagico.it\/en\/wp-json\/wp\/v2\/product_cat?post=73522"},{"taxonomy":"product_tag","embeddable":true,"href":"https:\/\/baffomagico.it\/en\/wp-json\/wp\/v2\/product_tag?post=73522"}],"curies":[{"name":"wp","href":"https:\/\/api.w.org\/{rel}","templated":true}]}}