{"id":73516,"date":"2026-02-13T14:39:59","date_gmt":"2026-02-13T13:39:59","guid":{"rendered":"https:\/\/baffomagico.it\/?post_type=product&#038;p=73516"},"modified":"2026-03-17T17:10:12","modified_gmt":"2026-03-17T16:10:12","slug":"rum-papa-rouyo-eleve-sous-bois-sanblaj-2019","status":"publish","type":"product","link":"https:\/\/baffomagico.it\/en\/product\/rum-papa-rouyo-eleve-sous-bois-sanblaj-2019\/","title":{"rendered":"Rum Papa Rouyo Elev\u00e9 Sous Bois Sanblaj 2019"},"content":{"rendered":"<p>Sanblaj significa \u2018blend\u2019 in creolo, e questo rum \u00e8 stato prodotto a partire da una selezionata miscela di rum della Guadalupa invecchiati in clima tropicale nelle cantine della distilleria. Le botti utilizzate sono di rovere vergine francese e americano, oltre a una ex-Cognac, la loro variet\u00e0 e differenza di tostatura regala una vasta palette di aromi. Un rum dotato di delicata intensit\u00e0 nonostante la giovane et\u00e0.<\/p>","protected":false},"excerpt":{"rendered":"<p>Sanblaj significa \u2018blend\u2019 in creolo, e questo rum \u00e8 stato prodotto a partire da una selezionata miscela di rum della Guadalupa invecchiati in clima tropicale nelle cantine della distilleria. Le botti utilizzate sono di rovere vergine francese e americano, oltre a una ex-Cognac, la loro variet\u00e0 e differenza di tostatura regala una vasta palette di aromi. Un rum dotato di delicata intensit\u00e0 nonostante la giovane et\u00e0.<\/p>","protected":false},"featured_media":72909,"comment_status":"open","ping_status":"closed","template":"","meta":{"_joinchat":[]},"product_brand":[640],"product_cat":[567,385],"product_tag":[475,387,388,344],"class_list":{"0":"post-73516","1":"product","2":"type-product","3":"status-publish","4":"has-post-thumbnail","6":"product_brand-velier","7":"product_cat-distillati","8":"product_cat-ron-rum-rhum","9":"product_tag-papa-rouyo","10":"product_tag-rhum","11":"product_tag-ron","12":"product_tag-rum","14":"first","15":"outofstock","16":"shipping-taxable","17":"purchasable","18":"product-type-simple"},"jetpack_sharing_enabled":true,"_links":{"self":[{"href":"https:\/\/baffomagico.it\/en\/wp-json\/wp\/v2\/product\/73516","targetHints":{"allow":["GET"]}}],"collection":[{"href":"https:\/\/baffomagico.it\/en\/wp-json\/wp\/v2\/product"}],"about":[{"href":"https:\/\/baffomagico.it\/en\/wp-json\/wp\/v2\/types\/product"}],"replies":[{"embeddable":true,"href":"https:\/\/baffomagico.it\/en\/wp-json\/wp\/v2\/comments?post=73516"}],"wp:featuredmedia":[{"embeddable":true,"href":"https:\/\/baffomagico.it\/en\/wp-json\/wp\/v2\/media\/72909"}],"wp:attachment":[{"href":"https:\/\/baffomagico.it\/en\/wp-json\/wp\/v2\/media?parent=73516"}],"wp:term":[{"taxonomy":"product_brand","embeddable":true,"href":"https:\/\/baffomagico.it\/en\/wp-json\/wp\/v2\/product_brand?post=73516"},{"taxonomy":"product_cat","embeddable":true,"href":"https:\/\/baffomagico.it\/en\/wp-json\/wp\/v2\/product_cat?post=73516"},{"taxonomy":"product_tag","embeddable":true,"href":"https:\/\/baffomagico.it\/en\/wp-json\/wp\/v2\/product_tag?post=73516"}],"curies":[{"name":"wp","href":"https:\/\/api.w.org\/{rel}","templated":true}]}}