{"id":73426,"date":"2026-02-13T14:39:48","date_gmt":"2026-02-13T13:39:48","guid":{"rendered":"https:\/\/baffomagico.it\/?post_type=product&#038;p=73426"},"modified":"2026-03-16T12:14:11","modified_gmt":"2026-03-16T11:14:11","slug":"berta-distillerie-tre-soli-tre-grappa-invecchiata","status":"publish","type":"product","link":"https:\/\/baffomagico.it\/en\/product\/berta-distillerie-tre-soli-tre-grappa-invecchiata\/","title":{"rendered":"Berta Distillerie &#8211; Tre Soli Tre Grappa invecchiata"},"content":{"rendered":"<p>Il Tre \u00e8 un numero potente e magico. Congiunzione tra L\u2019Uno, l\u2019unit\u00e0, e il Due, la dualit\u00e0, rappresenta la prima superficie per Pitagora, la gatta, misteriosa e suadente, nella tombola napoletana, la Trinit\u00e0 Cristiana.<br \/>\nGli Induisti pensando al tre pensano a Brahma, Shiva e Vishnu, i Cinesi alla totalit\u00e0 cosmica di Cielo, Terra, Uomo.<\/p>\n<p>Tre sono anche le grandi zone del Nebbiolo, da cui questa grappa prende la sua eleganza: ma \u00e8 grazie al sole, che accarezza e scalda gli acini, e agli otto anni di invecchiamento, che \u00e8 cos\u00ec buona.<\/p>","protected":false},"excerpt":{"rendered":"<p>Tre sono anche le grandi zone del Nebbiolo, da cui questa grappa prende la sua eleganza: ma \u00e8 grazie al sole, che accarezza e scalda gli acini, e agli otto anni di invecchiamento, che \u00e8 cos\u00ec buona.<\/p>","protected":false},"featured_media":72756,"comment_status":"open","ping_status":"closed","template":"","meta":{"_joinchat":[]},"product_brand":[597],"product_cat":[567,408],"product_tag":[450,409],"class_list":{"0":"post-73426","1":"product","2":"type-product","3":"status-publish","4":"has-post-thumbnail","6":"product_brand-berta","7":"product_cat-distillati","8":"product_cat-grappa","9":"product_tag-berta-distillerie","10":"product_tag-grappa","12":"first","13":"instock","14":"shipping-taxable","15":"purchasable","16":"product-type-simple"},"jetpack_sharing_enabled":true,"_links":{"self":[{"href":"https:\/\/baffomagico.it\/en\/wp-json\/wp\/v2\/product\/73426","targetHints":{"allow":["GET"]}}],"collection":[{"href":"https:\/\/baffomagico.it\/en\/wp-json\/wp\/v2\/product"}],"about":[{"href":"https:\/\/baffomagico.it\/en\/wp-json\/wp\/v2\/types\/product"}],"replies":[{"embeddable":true,"href":"https:\/\/baffomagico.it\/en\/wp-json\/wp\/v2\/comments?post=73426"}],"wp:featuredmedia":[{"embeddable":true,"href":"https:\/\/baffomagico.it\/en\/wp-json\/wp\/v2\/media\/72756"}],"wp:attachment":[{"href":"https:\/\/baffomagico.it\/en\/wp-json\/wp\/v2\/media?parent=73426"}],"wp:term":[{"taxonomy":"product_brand","embeddable":true,"href":"https:\/\/baffomagico.it\/en\/wp-json\/wp\/v2\/product_brand?post=73426"},{"taxonomy":"product_cat","embeddable":true,"href":"https:\/\/baffomagico.it\/en\/wp-json\/wp\/v2\/product_cat?post=73426"},{"taxonomy":"product_tag","embeddable":true,"href":"https:\/\/baffomagico.it\/en\/wp-json\/wp\/v2\/product_tag?post=73426"}],"curies":[{"name":"wp","href":"https:\/\/api.w.org\/{rel}","templated":true}]}}