{"id":73424,"date":"2026-02-13T14:39:48","date_gmt":"2026-02-13T13:39:48","guid":{"rendered":"https:\/\/baffomagico.it\/?post_type=product&#038;p=73424"},"modified":"2026-03-16T12:15:35","modified_gmt":"2026-03-16T11:15:35","slug":"berta-distillerie-casalotto-acquavite-di-vino","status":"publish","type":"product","link":"https:\/\/baffomagico.it\/en\/product\/berta-distillerie-casalotto-acquavite-di-vino\/","title":{"rendered":"Berta Distillerie &#8211; Casalotto acquavite di vino"},"content":{"rendered":"<p>Cos\u2019\u00e8 Casalotto? Casalotto \u00e8 un minuscolo angolo d\u2019Italia, una frazione del paese di Mombaruzzo, e in quanto tale \u00e8 parte del suo paese ma non ne respira del tutto l\u2019aria.<br \/>\nCasalotto \u00e8 poco pi\u00f9 di un sogno: la nostra famiglia, di quel sogno ha fatto una casa. Casalotto \u00e8 un brandy solido come i suoi trentadue anni d\u2019invecchiamento; quello che rimane nel bicchiere, dopo averlo gustato a fondo, ha la consistenza del sogno.<\/p>\n<p>Formato: 70 cl.<br \/>\nGradazione: 43% vol.<\/p>","protected":false},"excerpt":{"rendered":"<p>Casalotto \u00e8 un brandy solido come i suoi trentadue anni d\u2019invecchiamento; quello che rimane nel bicchiere, dopo averlo gustato a fondo, ha la consistenza del sogno.<\/p>","protected":false},"featured_media":72754,"comment_status":"open","ping_status":"closed","template":"","meta":{"_joinchat":[]},"product_brand":[597],"product_cat":[567,408],"product_tag":[452,450],"class_list":{"0":"post-73424","1":"product","2":"type-product","3":"status-publish","4":"has-post-thumbnail","6":"product_brand-berta","7":"product_cat-distillati","8":"product_cat-grappa","9":"product_tag-acquavite","10":"product_tag-berta-distillerie","12":"first","13":"instock","14":"shipping-taxable","15":"purchasable","16":"product-type-simple"},"jetpack_sharing_enabled":true,"_links":{"self":[{"href":"https:\/\/baffomagico.it\/en\/wp-json\/wp\/v2\/product\/73424","targetHints":{"allow":["GET"]}}],"collection":[{"href":"https:\/\/baffomagico.it\/en\/wp-json\/wp\/v2\/product"}],"about":[{"href":"https:\/\/baffomagico.it\/en\/wp-json\/wp\/v2\/types\/product"}],"replies":[{"embeddable":true,"href":"https:\/\/baffomagico.it\/en\/wp-json\/wp\/v2\/comments?post=73424"}],"wp:featuredmedia":[{"embeddable":true,"href":"https:\/\/baffomagico.it\/en\/wp-json\/wp\/v2\/media\/72754"}],"wp:attachment":[{"href":"https:\/\/baffomagico.it\/en\/wp-json\/wp\/v2\/media?parent=73424"}],"wp:term":[{"taxonomy":"product_brand","embeddable":true,"href":"https:\/\/baffomagico.it\/en\/wp-json\/wp\/v2\/product_brand?post=73424"},{"taxonomy":"product_cat","embeddable":true,"href":"https:\/\/baffomagico.it\/en\/wp-json\/wp\/v2\/product_cat?post=73424"},{"taxonomy":"product_tag","embeddable":true,"href":"https:\/\/baffomagico.it\/en\/wp-json\/wp\/v2\/product_tag?post=73424"}],"curies":[{"name":"wp","href":"https:\/\/api.w.org\/{rel}","templated":true}]}}