{"id":73419,"date":"2026-02-13T14:39:48","date_gmt":"2026-02-13T13:39:48","guid":{"rendered":"https:\/\/baffomagico.it\/?post_type=product&#038;p=73419"},"modified":"2026-03-16T12:16:57","modified_gmt":"2026-03-16T11:16:57","slug":"berta-distillerie-grappa-piasi","status":"publish","type":"product","link":"https:\/\/baffomagico.it\/en\/product\/berta-distillerie-grappa-piasi\/","title":{"rendered":"Berta Distillerie &#8211; Grappa Pias\u00ec"},"content":{"rendered":"<p>Il brachetto \u00e8 un buon vino rosso, poco alcolico, morbidissimo: bere una grappa che si ottiene dalla sua vinaccia \u00e8 veramente un pias\u00ec.<\/p>\n<p>Vitigno: Brachetto<br \/>\nFormato: 70 cl.<br \/>\nGradazione: 40% vol.<\/p>","protected":false},"excerpt":{"rendered":"<p>Il brachetto \u00e8 un buon vino rosso, poco alcolico, morbidissimo: bere una grappa che si ottiene dalla sua vinaccia \u00e8 veramente un pias\u00ec.<\/p>","protected":false},"featured_media":72744,"comment_status":"open","ping_status":"closed","template":"","meta":{"_joinchat":[]},"product_brand":[597],"product_cat":[567,408],"product_tag":[450,409],"class_list":{"0":"post-73419","1":"product","2":"type-product","3":"status-publish","4":"has-post-thumbnail","6":"product_brand-berta","7":"product_cat-distillati","8":"product_cat-grappa","9":"product_tag-berta-distillerie","10":"product_tag-grappa","12":"first","13":"instock","14":"shipping-taxable","15":"purchasable","16":"product-type-simple"},"jetpack_sharing_enabled":true,"_links":{"self":[{"href":"https:\/\/baffomagico.it\/en\/wp-json\/wp\/v2\/product\/73419","targetHints":{"allow":["GET"]}}],"collection":[{"href":"https:\/\/baffomagico.it\/en\/wp-json\/wp\/v2\/product"}],"about":[{"href":"https:\/\/baffomagico.it\/en\/wp-json\/wp\/v2\/types\/product"}],"replies":[{"embeddable":true,"href":"https:\/\/baffomagico.it\/en\/wp-json\/wp\/v2\/comments?post=73419"}],"wp:featuredmedia":[{"embeddable":true,"href":"https:\/\/baffomagico.it\/en\/wp-json\/wp\/v2\/media\/72744"}],"wp:attachment":[{"href":"https:\/\/baffomagico.it\/en\/wp-json\/wp\/v2\/media?parent=73419"}],"wp:term":[{"taxonomy":"product_brand","embeddable":true,"href":"https:\/\/baffomagico.it\/en\/wp-json\/wp\/v2\/product_brand?post=73419"},{"taxonomy":"product_cat","embeddable":true,"href":"https:\/\/baffomagico.it\/en\/wp-json\/wp\/v2\/product_cat?post=73419"},{"taxonomy":"product_tag","embeddable":true,"href":"https:\/\/baffomagico.it\/en\/wp-json\/wp\/v2\/product_tag?post=73419"}],"curies":[{"name":"wp","href":"https:\/\/api.w.org\/{rel}","templated":true}]}}