{"id":73415,"date":"2026-02-13T14:39:47","date_gmt":"2026-02-13T13:39:47","guid":{"rendered":"https:\/\/baffomagico.it\/?post_type=product&#038;p=73415"},"modified":"2026-03-16T12:19:52","modified_gmt":"2026-03-16T11:19:52","slug":"villa-de-varda-trie-grappa-riserva","status":"publish","type":"product","link":"https:\/\/baffomagico.it\/en\/product\/villa-de-varda-trie-grappa-riserva\/","title":{"rendered":"Villa de Varda &#8211; Tri\u00e8 Grappa Riserva"},"content":{"rendered":"<p>Tri\u00e8 \u00e8 una grappa riserva pluripremiata nei concorsi nazionali e internazionali di spirits. Vista la sua lunga storia e la qualit\u00e0 costante, \u00e8 la pi\u00f9 nota della linea classica di Villa de Varda.<\/p>\n<p>Gradazione: 40\u00b0<br \/>\nTemperatura: 18\u00b0C<br \/>\nFormato: 20 cl, 70 cl, 150 cl e 300 cl<\/p>\n<p><strong>Villa de Varda Grappe del Trentino<\/strong><\/p>","protected":false},"excerpt":{"rendered":"<p>Il particolare ed esclusivo metodo d\u2019invecchiamento, che avviene per lunghi periodi in legni pregiati di rovere, acacia e ciliegio fa di Tri\u00e8 una grappa riserva indimenticabile.<\/p>","protected":false},"featured_media":72735,"comment_status":"open","ping_status":"closed","template":"","meta":{"_joinchat":[]},"product_brand":[596],"product_cat":[567,408],"product_tag":[409,444],"class_list":{"0":"post-73415","1":"product","2":"type-product","3":"status-publish","4":"has-post-thumbnail","6":"product_brand-villa-de-varda","7":"product_cat-distillati","8":"product_cat-grappa","9":"product_tag-grappa","10":"product_tag-villa-de-varda","12":"first","13":"outofstock","14":"shipping-taxable","15":"purchasable","16":"product-type-simple"},"jetpack_sharing_enabled":true,"_links":{"self":[{"href":"https:\/\/baffomagico.it\/en\/wp-json\/wp\/v2\/product\/73415","targetHints":{"allow":["GET"]}}],"collection":[{"href":"https:\/\/baffomagico.it\/en\/wp-json\/wp\/v2\/product"}],"about":[{"href":"https:\/\/baffomagico.it\/en\/wp-json\/wp\/v2\/types\/product"}],"replies":[{"embeddable":true,"href":"https:\/\/baffomagico.it\/en\/wp-json\/wp\/v2\/comments?post=73415"}],"wp:featuredmedia":[{"embeddable":true,"href":"https:\/\/baffomagico.it\/en\/wp-json\/wp\/v2\/media\/72735"}],"wp:attachment":[{"href":"https:\/\/baffomagico.it\/en\/wp-json\/wp\/v2\/media?parent=73415"}],"wp:term":[{"taxonomy":"product_brand","embeddable":true,"href":"https:\/\/baffomagico.it\/en\/wp-json\/wp\/v2\/product_brand?post=73415"},{"taxonomy":"product_cat","embeddable":true,"href":"https:\/\/baffomagico.it\/en\/wp-json\/wp\/v2\/product_cat?post=73415"},{"taxonomy":"product_tag","embeddable":true,"href":"https:\/\/baffomagico.it\/en\/wp-json\/wp\/v2\/product_tag?post=73415"}],"curies":[{"name":"wp","href":"https:\/\/api.w.org\/{rel}","templated":true}]}}