{"id":73411,"date":"2026-02-13T14:39:47","date_gmt":"2026-02-13T13:39:47","guid":{"rendered":"https:\/\/baffomagico.it\/?post_type=product&#038;p=73411"},"modified":"2026-03-16T12:21:14","modified_gmt":"2026-03-16T11:21:14","slug":"villa-de-varda-grappa-moscato-stravecchia-albarel","status":"publish","type":"product","link":"https:\/\/baffomagico.it\/en\/product\/villa-de-varda-grappa-moscato-stravecchia-albarel\/","title":{"rendered":"Villa de Varda &#8211; Grappa Moscato Stravecchia &#8220;Albarel&#8221;"},"content":{"rendered":"<p>La grappa di Moscato Stravecchia Albarel dell\u2019Alta Selezione di Villa de Varda \u00e8 un distillato delle migliori bucce d&#8217;uva di moscato trentino, distillate per prime e invecchiate in legno pi\u00f9 a lungo. Da questo processo nasce una grappa unica, ideale per coronare un momento speciale in bella compagnia. Il cofanetto in legno di mogano e la scheda tecnica numerata e firmata a mano dal mastro distillatore impreziosiscono questo autentico gioiello di Villa de Varda.<\/p>\n<p>Gradazione: 40% Vol.<br \/>\nTemperatura: 20\u00b0C<br \/>\nFormato: 70 cl<\/p>\n<p><strong>Villa de Varda Grappe del Trentino<\/strong><\/p>","protected":false},"excerpt":{"rendered":"<p>La Moscato Stravecchia Albarel si presenta di un invitante colore ambra intenso; il profumo \u00e8 aromatico, complesso e intrigante, resisterle \u00e8 impossibile: \u00e8 cos\u00ec che si scopre il gusto seducente e ricco, di questa grappa Stravecchia<\/p>","protected":false},"featured_media":72726,"comment_status":"open","ping_status":"closed","template":"","meta":{"_joinchat":[]},"product_brand":[596],"product_cat":[567,408],"product_tag":[409,446,444],"class_list":{"0":"post-73411","1":"product","2":"type-product","3":"status-publish","4":"has-post-thumbnail","6":"product_brand-villa-de-varda","7":"product_cat-distillati","8":"product_cat-grappa","9":"product_tag-grappa","10":"product_tag-moscato","11":"product_tag-villa-de-varda","13":"first","14":"outofstock","15":"shipping-taxable","16":"purchasable","17":"product-type-simple"},"jetpack_sharing_enabled":true,"_links":{"self":[{"href":"https:\/\/baffomagico.it\/en\/wp-json\/wp\/v2\/product\/73411","targetHints":{"allow":["GET"]}}],"collection":[{"href":"https:\/\/baffomagico.it\/en\/wp-json\/wp\/v2\/product"}],"about":[{"href":"https:\/\/baffomagico.it\/en\/wp-json\/wp\/v2\/types\/product"}],"replies":[{"embeddable":true,"href":"https:\/\/baffomagico.it\/en\/wp-json\/wp\/v2\/comments?post=73411"}],"wp:featuredmedia":[{"embeddable":true,"href":"https:\/\/baffomagico.it\/en\/wp-json\/wp\/v2\/media\/72726"}],"wp:attachment":[{"href":"https:\/\/baffomagico.it\/en\/wp-json\/wp\/v2\/media?parent=73411"}],"wp:term":[{"taxonomy":"product_brand","embeddable":true,"href":"https:\/\/baffomagico.it\/en\/wp-json\/wp\/v2\/product_brand?post=73411"},{"taxonomy":"product_cat","embeddable":true,"href":"https:\/\/baffomagico.it\/en\/wp-json\/wp\/v2\/product_cat?post=73411"},{"taxonomy":"product_tag","embeddable":true,"href":"https:\/\/baffomagico.it\/en\/wp-json\/wp\/v2\/product_tag?post=73411"}],"curies":[{"name":"wp","href":"https:\/\/api.w.org\/{rel}","templated":true}]}}