{"id":73410,"date":"2026-02-13T14:39:47","date_gmt":"2026-02-13T13:39:47","guid":{"rendered":"https:\/\/baffomagico.it\/?post_type=product&#038;p=73410"},"modified":"2026-03-16T12:21:48","modified_gmt":"2026-03-16T11:21:48","slug":"villa-de-varda-grappa-stravecchia-amarone","status":"publish","type":"product","link":"https:\/\/baffomagico.it\/en\/product\/villa-de-varda-grappa-stravecchia-amarone\/","title":{"rendered":"Villa de Varda &#8211; Grappa Stravecchia Amarone"},"content":{"rendered":"<p>La grappa Stravecchia Amarone \u00e8 frutto della distillazione delle migliori vinacce di Corvina, Corvinone e Rondinella della Valpolicella. La grappa di Amarone d\u00e0 il suo meglio incontrando il metodo della famiglia Dolzan: nasce cos\u00ec un sublime distillato, unico per eleganza e presenza, tanto da essere una delle grappe pi\u00f9 apprezzate nei migliori locali del mondo.<\/p>\n<p>La grappa Stravecchia Amarone viene presentata nella confezione in legno di mogano che caratterizza tutta la linea, arricchita dalla scheda tecnica numerata firmata personalmente da Luigi Dolzan.<\/p>\n<p>Gradazione: 40% Vol.<br \/>\nTemperatura: 20\u00b0C<br \/>\nFormato: 70 cl<\/p>\n<p><strong>Villa de Varda Grappe del Trentino<\/strong><\/p>","protected":false},"excerpt":{"rendered":"<p>Questa grappa Stravecchia si presenta da sola: un avvolgente color ambra intenso invita alla degustazione, che subito suggerisce all\u2019olfatto un profumo sincero e molto gradevole. Il gusto \u00e8 rotondo, intenso, e di grande eleganza. Si svela cos\u00ec Stravecchia Amarone: una grappa che non tradisce le aspettative dei migliori intenditori.<\/p>","protected":false},"featured_media":72725,"comment_status":"open","ping_status":"closed","template":"","meta":{"_joinchat":[]},"product_brand":[596],"product_cat":[567,408],"product_tag":[445,409,444],"class_list":{"0":"post-73410","1":"product","2":"type-product","3":"status-publish","4":"has-post-thumbnail","6":"product_brand-villa-de-varda","7":"product_cat-distillati","8":"product_cat-grappa","9":"product_tag-amarone","10":"product_tag-grappa","11":"product_tag-villa-de-varda","13":"first","14":"outofstock","15":"shipping-taxable","16":"purchasable","17":"product-type-simple"},"jetpack_sharing_enabled":true,"_links":{"self":[{"href":"https:\/\/baffomagico.it\/en\/wp-json\/wp\/v2\/product\/73410","targetHints":{"allow":["GET"]}}],"collection":[{"href":"https:\/\/baffomagico.it\/en\/wp-json\/wp\/v2\/product"}],"about":[{"href":"https:\/\/baffomagico.it\/en\/wp-json\/wp\/v2\/types\/product"}],"replies":[{"embeddable":true,"href":"https:\/\/baffomagico.it\/en\/wp-json\/wp\/v2\/comments?post=73410"}],"wp:featuredmedia":[{"embeddable":true,"href":"https:\/\/baffomagico.it\/en\/wp-json\/wp\/v2\/media\/72725"}],"wp:attachment":[{"href":"https:\/\/baffomagico.it\/en\/wp-json\/wp\/v2\/media?parent=73410"}],"wp:term":[{"taxonomy":"product_brand","embeddable":true,"href":"https:\/\/baffomagico.it\/en\/wp-json\/wp\/v2\/product_brand?post=73410"},{"taxonomy":"product_cat","embeddable":true,"href":"https:\/\/baffomagico.it\/en\/wp-json\/wp\/v2\/product_cat?post=73410"},{"taxonomy":"product_tag","embeddable":true,"href":"https:\/\/baffomagico.it\/en\/wp-json\/wp\/v2\/product_tag?post=73410"}],"curies":[{"name":"wp","href":"https:\/\/api.w.org\/{rel}","templated":true}]}}