{"id":73394,"date":"2026-02-13T14:39:45","date_gmt":"2026-02-13T13:39:45","guid":{"rendered":"https:\/\/baffomagico.it\/?post_type=product&#038;p=73394"},"modified":"2026-03-16T12:29:12","modified_gmt":"2026-03-16T11:29:12","slug":"rhum-damoiseau-xo","status":"publish","type":"product","link":"https:\/\/baffomagico.it\/en\/product\/rhum-damoiseau-xo\/","title":{"rendered":"Rhum Damoiseau XO"},"content":{"rendered":"<p>Rhum Damoiseau XO \u00e8 un rhum di alta qualit\u00e0, invecchiato lentamente per 6 anni in botti di rovere altamente selezionate per la loro qualit\u00e0. La sua complessit\u00e0 aromatica \u00e8 caratterizzata da note di cioccolato, caramello, banana flamb\u00e8 e una punta di cannella.<\/p>\n<p>Gradazione alcolica: 40% Vol.<br \/>\nFormato: 70 cl.<\/p>","protected":false},"excerpt":{"rendered":"<p>Rhum Damoiseau XO \u00e8 un rhum di alta qualit\u00e0, invecchiato lentamente per 6 anni in botti di rovere altamente selezionate per la loro qualit\u00e0. La sua complessit\u00e0 aromatica \u00e8 caratterizzata da note di cioccolato, caramello, banana flamb\u00e8 e una punta di cannella.<\/p>","protected":false},"featured_media":72694,"comment_status":"open","ping_status":"closed","template":"","meta":{"_joinchat":[]},"product_brand":[586],"product_cat":[567,385],"product_tag":[440,387,388,344],"class_list":{"0":"post-73394","1":"product","2":"type-product","3":"status-publish","4":"has-post-thumbnail","6":"product_brand-damoiseau","7":"product_cat-distillati","8":"product_cat-ron-rum-rhum","9":"product_tag-damoiseau","10":"product_tag-rhum","11":"product_tag-ron","12":"product_tag-rum","14":"first","15":"outofstock","16":"sale","17":"shipping-taxable","18":"purchasable","19":"product-type-simple"},"jetpack_sharing_enabled":true,"_links":{"self":[{"href":"https:\/\/baffomagico.it\/en\/wp-json\/wp\/v2\/product\/73394","targetHints":{"allow":["GET"]}}],"collection":[{"href":"https:\/\/baffomagico.it\/en\/wp-json\/wp\/v2\/product"}],"about":[{"href":"https:\/\/baffomagico.it\/en\/wp-json\/wp\/v2\/types\/product"}],"replies":[{"embeddable":true,"href":"https:\/\/baffomagico.it\/en\/wp-json\/wp\/v2\/comments?post=73394"}],"wp:featuredmedia":[{"embeddable":true,"href":"https:\/\/baffomagico.it\/en\/wp-json\/wp\/v2\/media\/72694"}],"wp:attachment":[{"href":"https:\/\/baffomagico.it\/en\/wp-json\/wp\/v2\/media?parent=73394"}],"wp:term":[{"taxonomy":"product_brand","embeddable":true,"href":"https:\/\/baffomagico.it\/en\/wp-json\/wp\/v2\/product_brand?post=73394"},{"taxonomy":"product_cat","embeddable":true,"href":"https:\/\/baffomagico.it\/en\/wp-json\/wp\/v2\/product_cat?post=73394"},{"taxonomy":"product_tag","embeddable":true,"href":"https:\/\/baffomagico.it\/en\/wp-json\/wp\/v2\/product_tag?post=73394"}],"curies":[{"name":"wp","href":"https:\/\/api.w.org\/{rel}","templated":true}]}}