{"id":73388,"date":"2026-02-13T14:39:45","date_gmt":"2026-02-13T13:39:45","guid":{"rendered":"https:\/\/baffomagico.it\/?post_type=product&#038;p=73388"},"modified":"2026-03-16T12:28:14","modified_gmt":"2026-03-16T11:28:14","slug":"ron-abuelo-xv-finish-collection-tripack","status":"publish","type":"product","link":"https:\/\/baffomagico.it\/en\/product\/ron-abuelo-xv-finish-collection-tripack\/","title":{"rendered":"Ron Abuelo XV Finish Collection Tripack"},"content":{"rendered":"<p>Attraverso Finish Collection Tripack \u00e8 possibile degustare e confrontare le tre Finish Collection di Abuelo:<\/p>\n<ul>\n<li>Finish Collection Oloroso: conclude l\u2019ultimo anno di invecchiamento in botti di sherry;<\/li>\n<li>Finish Collection Napoleon: conclude l\u2019ultimo anno di invecchiamento in botti di cognac;<\/li>\n<li>Finish Collection Tawny: conclude l\u2019ultimo anno di invecchiamento in botti di porto.<\/li>\n<\/ul>\n<p>Gradazione alcolica: 40%<br \/>\nFormato: 20 cl. x 3<\/p>","protected":false},"excerpt":{"rendered":"<p>Attraverso Finish Collection Tripack \u00e8 possibile degustare e confrontare le tre Finish Collection di Abuelo: Ron Abuelo XV A\u00f1os Oloroso 200ml &#8211; Ron Abuelo XV A\u00f1os Tawny 200ml &#8211; Ron Abuelo XV A\u00f1os Napole\u00f3n 200ml.<\/p>","protected":false},"featured_media":72678,"comment_status":"open","ping_status":"closed","template":"","meta":{"_joinchat":[]},"product_brand":[587],"product_cat":[567,385],"product_tag":[387,388,438,344],"class_list":{"0":"post-73388","1":"product","2":"type-product","3":"status-publish","4":"has-post-thumbnail","6":"product_brand-abuelo","7":"product_cat-distillati","8":"product_cat-ron-rum-rhum","9":"product_tag-rhum","10":"product_tag-ron","11":"product_tag-ron-abuelo","12":"product_tag-rum","14":"first","15":"instock","16":"shipping-taxable","17":"purchasable","18":"product-type-simple"},"jetpack_sharing_enabled":true,"_links":{"self":[{"href":"https:\/\/baffomagico.it\/en\/wp-json\/wp\/v2\/product\/73388","targetHints":{"allow":["GET"]}}],"collection":[{"href":"https:\/\/baffomagico.it\/en\/wp-json\/wp\/v2\/product"}],"about":[{"href":"https:\/\/baffomagico.it\/en\/wp-json\/wp\/v2\/types\/product"}],"replies":[{"embeddable":true,"href":"https:\/\/baffomagico.it\/en\/wp-json\/wp\/v2\/comments?post=73388"}],"wp:featuredmedia":[{"embeddable":true,"href":"https:\/\/baffomagico.it\/en\/wp-json\/wp\/v2\/media\/72678"}],"wp:attachment":[{"href":"https:\/\/baffomagico.it\/en\/wp-json\/wp\/v2\/media?parent=73388"}],"wp:term":[{"taxonomy":"product_brand","embeddable":true,"href":"https:\/\/baffomagico.it\/en\/wp-json\/wp\/v2\/product_brand?post=73388"},{"taxonomy":"product_cat","embeddable":true,"href":"https:\/\/baffomagico.it\/en\/wp-json\/wp\/v2\/product_cat?post=73388"},{"taxonomy":"product_tag","embeddable":true,"href":"https:\/\/baffomagico.it\/en\/wp-json\/wp\/v2\/product_tag?post=73388"}],"curies":[{"name":"wp","href":"https:\/\/api.w.org\/{rel}","templated":true}]}}