{"id":73384,"date":"2026-02-13T14:39:44","date_gmt":"2026-02-13T13:39:44","guid":{"rendered":"https:\/\/baffomagico.it\/?post_type=product&#038;p=73384"},"modified":"2026-03-16T12:38:28","modified_gmt":"2026-03-16T11:38:28","slug":"ron-abuelo-12-anni","status":"publish","type":"product","link":"https:\/\/baffomagico.it\/en\/product\/ron-abuelo-12-anni\/","title":{"rendered":"Ron Abuelo 12 anni"},"content":{"rendered":"<p>Ron Abuelo 12 a\u00f1os Gran Reserva, \u00e8 il risultato della passione di Varela Hermanos S.A. per produrre i migliori rum. Invecchiato in piccole botti di quercia appositamente selezionate, \u00e8 caratterizzato da una complessit\u00e0 e una morbidezza che rendono il prodotto una superba espressione del rum.<br \/>\nCon la sua elevata qualit\u00e0, riuscir\u00e0 a sorprendere anche i palati pi\u00f9 esigenti.Colore: ambrato scuro, con riflessi rossastri. Aroma: complesso, dolce, speziato, generoso sul legno. Note sensoriali: corposo, sentore di noce moscata con un piacevole gusto di vaniglia. Ron Abuelo 12 a\u00f1os \u00e8 ideale per essere degustato liscio o con ghiaccio.<\/p>\n<p>Gradazione alcolica: 40% vol.<br \/>\nFormato: 70 cl.<\/p>","protected":false},"excerpt":{"rendered":"<p>Con la sua elevata qualit\u00e0, riuscir\u00e0 a sorprendere anche i palati pi\u00f9 esigenti.Colore: ambrato scuro, con riflessi rossastri. Aroma: complesso, dolce, speziato, generoso sul legno. Note sensoriali: corposo, sentore di noce moscata con un piacevole gusto di vaniglia. Ron Abuelo 12 a\u00f1os \u00e8 ideale per essere degustato liscio o con ghiaccio.<\/p>","protected":false},"featured_media":72674,"comment_status":"open","ping_status":"closed","template":"","meta":{"_joinchat":[]},"product_brand":[587],"product_cat":[567,385],"product_tag":[388,438,344],"class_list":{"0":"post-73384","1":"product","2":"type-product","3":"status-publish","4":"has-post-thumbnail","6":"product_brand-abuelo","7":"product_cat-distillati","8":"product_cat-ron-rum-rhum","9":"product_tag-ron","10":"product_tag-ron-abuelo","11":"product_tag-rum","13":"first","14":"instock","15":"shipping-taxable","16":"purchasable","17":"product-type-simple"},"jetpack_sharing_enabled":true,"_links":{"self":[{"href":"https:\/\/baffomagico.it\/en\/wp-json\/wp\/v2\/product\/73384","targetHints":{"allow":["GET"]}}],"collection":[{"href":"https:\/\/baffomagico.it\/en\/wp-json\/wp\/v2\/product"}],"about":[{"href":"https:\/\/baffomagico.it\/en\/wp-json\/wp\/v2\/types\/product"}],"replies":[{"embeddable":true,"href":"https:\/\/baffomagico.it\/en\/wp-json\/wp\/v2\/comments?post=73384"}],"wp:featuredmedia":[{"embeddable":true,"href":"https:\/\/baffomagico.it\/en\/wp-json\/wp\/v2\/media\/72674"}],"wp:attachment":[{"href":"https:\/\/baffomagico.it\/en\/wp-json\/wp\/v2\/media?parent=73384"}],"wp:term":[{"taxonomy":"product_brand","embeddable":true,"href":"https:\/\/baffomagico.it\/en\/wp-json\/wp\/v2\/product_brand?post=73384"},{"taxonomy":"product_cat","embeddable":true,"href":"https:\/\/baffomagico.it\/en\/wp-json\/wp\/v2\/product_cat?post=73384"},{"taxonomy":"product_tag","embeddable":true,"href":"https:\/\/baffomagico.it\/en\/wp-json\/wp\/v2\/product_tag?post=73384"}],"curies":[{"name":"wp","href":"https:\/\/api.w.org\/{rel}","templated":true}]}}