{"id":73378,"date":"2026-02-13T14:39:44","date_gmt":"2026-02-13T13:39:44","guid":{"rendered":"https:\/\/baffomagico.it\/?post_type=product&#038;p=73378"},"modified":"2026-03-16T12:35:17","modified_gmt":"2026-03-16T11:35:17","slug":"liquore-bergamotto-fantastico-vecchio-magazzino-doganale","status":"publish","type":"product","link":"https:\/\/baffomagico.it\/en\/product\/liquore-bergamotto-fantastico-vecchio-magazzino-doganale\/","title":{"rendered":"Liquore Bergamotto Fantastico Vecchio Magazzino Doganale"},"content":{"rendered":"<p>Il Liquore di Frutta \u201cBergamotto Fantastico\u201d, prodotto dal Vecchio Magazzino Doganale, \u00e8 una specialit\u00e0 tipica della tradizione calabrese. Il Bergamotto o Citrus bargamia, \u00e8 un\u2019antica variet\u00e0 d\u2019agrume che in Italia \u00e8 presente da secoli in Calabria, dove ha trovato il suo habitat ideale. Il Vecchio Magazzino Doganale ha voluto rendere omaggio e far conoscere le qualit\u00e0 di questo straordinario frutto, realizzando un originale liquore con un infuso di bucce di Bergamotto. Si tratta di una specialit\u00e0 dal gusto mediterraneo, che esprime fragranze citrine, cenni di erbe aromatiche in un sorso particolarmente morbido ed equilibrato.<\/p>\n<p>Il Bergamotto Fantastico \u00e8 prodotto con i soli frutti freschi, pelati a mano nel giardino di Pellaro, dopo due mesi di infusione si procede al filtraggio con panni di lino e all\u2019imbottigliamento, il profumo ed il gusto dell\u2019autentico Bergamotto Calabrese, il re degli agrumi.<\/p>\n<p>ORIGINE Italia<br \/>\nABV %32.00<br \/>\nVOL. ML700<\/p>","protected":false},"excerpt":{"rendered":"<p>Il Bergamotto Fantastico \u00e8 prodotto con i soli frutti freschi, pelati a mano nel giardino di Pellaro, dopo due mesi di infusione si procede al filtraggio con panni di lino e all\u2019imbottigliamento, il profumo ed il gusto dell\u2019autentico Bergamotto Calabrese, il re degli agrumi.<\/p>","protected":false},"featured_media":72658,"comment_status":"open","ping_status":"closed","template":"","meta":{"_joinchat":[]},"product_brand":[613],"product_cat":[572],"product_tag":[407,436,435],"class_list":{"0":"post-73378","1":"product","2":"type-product","3":"status-publish","4":"has-post-thumbnail","6":"product_brand-vecchio-magazzino-doganale","7":"product_cat-liquori-amari-2","8":"product_tag-liquore","9":"product_tag-liquore-di-frutta","10":"product_tag-vecchio-magazzino-doganale","12":"first","13":"instock","14":"shipping-taxable","15":"purchasable","16":"product-type-simple"},"jetpack_sharing_enabled":true,"_links":{"self":[{"href":"https:\/\/baffomagico.it\/en\/wp-json\/wp\/v2\/product\/73378","targetHints":{"allow":["GET"]}}],"collection":[{"href":"https:\/\/baffomagico.it\/en\/wp-json\/wp\/v2\/product"}],"about":[{"href":"https:\/\/baffomagico.it\/en\/wp-json\/wp\/v2\/types\/product"}],"replies":[{"embeddable":true,"href":"https:\/\/baffomagico.it\/en\/wp-json\/wp\/v2\/comments?post=73378"}],"wp:featuredmedia":[{"embeddable":true,"href":"https:\/\/baffomagico.it\/en\/wp-json\/wp\/v2\/media\/72658"}],"wp:attachment":[{"href":"https:\/\/baffomagico.it\/en\/wp-json\/wp\/v2\/media?parent=73378"}],"wp:term":[{"taxonomy":"product_brand","embeddable":true,"href":"https:\/\/baffomagico.it\/en\/wp-json\/wp\/v2\/product_brand?post=73378"},{"taxonomy":"product_cat","embeddable":true,"href":"https:\/\/baffomagico.it\/en\/wp-json\/wp\/v2\/product_cat?post=73378"},{"taxonomy":"product_tag","embeddable":true,"href":"https:\/\/baffomagico.it\/en\/wp-json\/wp\/v2\/product_tag?post=73378"}],"curies":[{"name":"wp","href":"https:\/\/api.w.org\/{rel}","templated":true}]}}