{"id":73375,"date":"2026-02-13T14:39:44","date_gmt":"2026-02-13T13:39:44","guid":{"rendered":"https:\/\/baffomagico.it\/?post_type=product&#038;p=73375"},"modified":"2026-03-16T12:34:42","modified_gmt":"2026-03-16T11:34:42","slug":"amaro-importante-jefferson-vecchio-magazzino-doganale","status":"publish","type":"product","link":"https:\/\/baffomagico.it\/en\/product\/amaro-importante-jefferson-vecchio-magazzino-doganale\/","title":{"rendered":"Amaro Importante Jefferson Vecchio Magazzino Doganale"},"content":{"rendered":"<p>Jefferson nasce in Calabria, in una terra che regala frutti ed erbe uniche al mondo. Il Vecchio Magazzino Doganale seleziona e raccoglie a mano gran parte delle botaniche utilizzate, tra cui i Limoni IGP di Rocca Imperiale, le arance dolci e amare di Bisignano del giardino di famiglia, i bergamotti di Pellaro, l\u2019origano della Palombara e il rosmarino di Bisignano. Il tutto viene lavorato separatamente, in infusione idroalcolica rispettando la materia prima e la stagionalit\u00e0, per questo per assemblare Jefferson trascorrono pi\u00f9 di 11 mesi, senza mai ricorrere ad aromi artificiali o coloranti, un panno di lino \u00e8 lo strumento utilizzato per i filtraggi. Jefferson era il capitano di una nave naufragata in Calabria nel 1871, trov\u00f2 riparo da Giocondo al Vecchio Magazzino Doganale, \u00e8 realizz\u00f2 quello che era da lui definito Amaro Importante, questo \u00e8 stato adattato e trasformato per renderlo eccellente ai nostri giorni. Ideale servito fresco o con ghiaccio, sorprendente in miscelazione come bitter o in supporto ai vermouth. Riconosciuto nel 2018 come miglior liquore al mondo ai World Liqueur Awards.<\/p>\n<p>ORIGINE Italia<br \/>\nABV %30.00<br \/>\nVOL. ML700<\/p>","protected":false},"excerpt":{"rendered":"<p>Jefferson nasce in Calabria, in una terra che regala frutti ed erbe uniche al mondo. Il Vecchio Magazzino Doganale seleziona e raccoglie a mano gran parte delle botaniche utilizzate, tra cui i Limoni IGP di Rocca Imperiale, le arance dolci e amare di Bisignano del giardino di famiglia, i bergamotti di Pellaro, l\u2019origano della Palombara e il rosmarino di Bisignano.<\/p>","protected":false},"featured_media":72655,"comment_status":"open","ping_status":"closed","template":"","meta":{"_joinchat":[]},"product_brand":[613],"product_cat":[572],"product_tag":[434,407,435],"class_list":{"0":"post-73375","1":"product","2":"type-product","3":"status-publish","4":"has-post-thumbnail","6":"product_brand-vecchio-magazzino-doganale","7":"product_cat-liquori-amari-2","8":"product_tag-amaro","9":"product_tag-liquore","10":"product_tag-vecchio-magazzino-doganale","12":"first","13":"instock","14":"shipping-taxable","15":"purchasable","16":"product-type-simple"},"jetpack_sharing_enabled":true,"_links":{"self":[{"href":"https:\/\/baffomagico.it\/en\/wp-json\/wp\/v2\/product\/73375","targetHints":{"allow":["GET"]}}],"collection":[{"href":"https:\/\/baffomagico.it\/en\/wp-json\/wp\/v2\/product"}],"about":[{"href":"https:\/\/baffomagico.it\/en\/wp-json\/wp\/v2\/types\/product"}],"replies":[{"embeddable":true,"href":"https:\/\/baffomagico.it\/en\/wp-json\/wp\/v2\/comments?post=73375"}],"wp:featuredmedia":[{"embeddable":true,"href":"https:\/\/baffomagico.it\/en\/wp-json\/wp\/v2\/media\/72655"}],"wp:attachment":[{"href":"https:\/\/baffomagico.it\/en\/wp-json\/wp\/v2\/media?parent=73375"}],"wp:term":[{"taxonomy":"product_brand","embeddable":true,"href":"https:\/\/baffomagico.it\/en\/wp-json\/wp\/v2\/product_brand?post=73375"},{"taxonomy":"product_cat","embeddable":true,"href":"https:\/\/baffomagico.it\/en\/wp-json\/wp\/v2\/product_cat?post=73375"},{"taxonomy":"product_tag","embeddable":true,"href":"https:\/\/baffomagico.it\/en\/wp-json\/wp\/v2\/product_tag?post=73375"}],"curies":[{"name":"wp","href":"https:\/\/api.w.org\/{rel}","templated":true}]}}