{"id":73371,"date":"2026-02-13T14:39:44","date_gmt":"2026-02-13T13:39:44","guid":{"rendered":"https:\/\/baffomagico.it\/?post_type=product&#038;p=73371"},"modified":"2026-03-16T12:31:28","modified_gmt":"2026-03-16T11:31:28","slug":"rum-el-dorado-orange-port-mourant-uitvlugt-2010","status":"publish","type":"product","link":"https:\/\/baffomagico.it\/en\/product\/rum-el-dorado-orange-port-mourant-uitvlugt-2010\/","title":{"rendered":"Rum El Dorado Orange Port Mourant Uitvlugt 2010"},"content":{"rendered":"<p>La storia della canna da zucchero, della sua coltivazione, della sua distillazione, in Guyana, \u00e8 antica e affascinante. Il territorio, prima dell\u2019arrivo degli occidentali, era per la maggior parte invaso dalle acque dell\u2019Atlantico; furono gli olandesi, nel XVII secolo, grazie alla tecnologia dei polder, gi\u00e0 utilizzati in madrepatria, a bonificarlo e renderlo coltivabile e furono sempre gli olandesi, alla fine dello stesso secolo, a portare per primi la canna da zucchero in Guyana e a piantarla sulle sponde del fiume Demerara (da cui prender\u00e0 il nome il cultivar). La canna si acclimat\u00f2 alla perfezione e profitt\u00f2 notevolmente di tutti i nutrienti che quella terra strappata all\u2019oceano aveva beneficiato. Furono per\u00f2 poi gli inglesi, con la loro incredibile fame di rum, a iniziarvi la distillazione. E la storia della canna da zucchero in Guyana va di pari passo con la storia della Demerara Distillers, il produttore del Rum El Dorado.<\/p>\n<p>La serie Blended in the Barrell di El Dorado si caratterizza per un rivoluzionario e unico metodo di blending: se tradizionalmente il blend si compone da botti diverse, con diversi invecchiamenti, qui Sharon Sue-Hang-Baksh, Master Blender di Demerara Distillers, opera a rum appena distillati, che poi invecchiano assieme in una stessa botte. In un mondo complesso e vasto come quello del rum, queste release possono essere definite un punto di rottura e novit\u00e0 unico nel panorama dei distillati di canna da zucchero. Questa release \u00e8 un blend di rum distillati nel doppio Pot Still in legno della distilleria Port Mourant e di rum distillati nella colonna Savalle Still di Uitvlug. Miscelato appena dopo la distillazione, \u00e8 invecchiato per oltre 9 anni nel clima tropicale della Guyana in botti ex bourbon, non subisce inoltre alcuna filtrazione. Un rum di grande potenza.<\/p>\n<p>ORIGINE Guyana<br \/>\nABV %51.00<br \/>\nVOL. ML700<\/p>","protected":false},"excerpt":{"rendered":"<p>La serie Blended in the Barrell di El Dorado si caratterizza per un rivoluzionario e unico metodo di blending: se tradizionalmente il blend si compone da botti diverse, con diversi invecchiamenti, qui Sharon Sue-Hang-Baksh, Master Blender di Demerara Distillers, opera a rum appena distillati, che poi invecchiano assieme in una stessa botte.<\/p>","protected":false},"featured_media":72646,"comment_status":"open","ping_status":"closed","template":"","meta":{"_joinchat":[]},"product_brand":[588],"product_cat":[567,385],"product_tag":[430,387,388,344],"class_list":{"0":"post-73371","1":"product","2":"type-product","3":"status-publish","4":"has-post-thumbnail","6":"product_brand-el-dorado","7":"product_cat-distillati","8":"product_cat-ron-rum-rhum","9":"product_tag-el-dorado","10":"product_tag-rhum","11":"product_tag-ron","12":"product_tag-rum","14":"first","15":"instock","16":"shipping-taxable","17":"purchasable","18":"product-type-simple"},"jetpack_sharing_enabled":true,"_links":{"self":[{"href":"https:\/\/baffomagico.it\/en\/wp-json\/wp\/v2\/product\/73371","targetHints":{"allow":["GET"]}}],"collection":[{"href":"https:\/\/baffomagico.it\/en\/wp-json\/wp\/v2\/product"}],"about":[{"href":"https:\/\/baffomagico.it\/en\/wp-json\/wp\/v2\/types\/product"}],"replies":[{"embeddable":true,"href":"https:\/\/baffomagico.it\/en\/wp-json\/wp\/v2\/comments?post=73371"}],"wp:featuredmedia":[{"embeddable":true,"href":"https:\/\/baffomagico.it\/en\/wp-json\/wp\/v2\/media\/72646"}],"wp:attachment":[{"href":"https:\/\/baffomagico.it\/en\/wp-json\/wp\/v2\/media?parent=73371"}],"wp:term":[{"taxonomy":"product_brand","embeddable":true,"href":"https:\/\/baffomagico.it\/en\/wp-json\/wp\/v2\/product_brand?post=73371"},{"taxonomy":"product_cat","embeddable":true,"href":"https:\/\/baffomagico.it\/en\/wp-json\/wp\/v2\/product_cat?post=73371"},{"taxonomy":"product_tag","embeddable":true,"href":"https:\/\/baffomagico.it\/en\/wp-json\/wp\/v2\/product_tag?post=73371"}],"curies":[{"name":"wp","href":"https:\/\/api.w.org\/{rel}","templated":true}]}}