{"id":73345,"date":"2026-02-13T14:39:15","date_gmt":"2026-02-13T13:39:15","guid":{"rendered":"https:\/\/baffomagico.it\/?post_type=product&#038;p=73345"},"modified":"2026-03-16T16:15:14","modified_gmt":"2026-03-16T15:15:14","slug":"ron-dos-maderas-seleccion","status":"publish","type":"product","link":"https:\/\/baffomagico.it\/en\/product\/ron-dos-maderas-seleccion\/","title":{"rendered":"Ron Dos Maderas Seleccion"},"content":{"rendered":"<p>TIPOLOGIA<br \/>\nRon<\/p>\n<p>ZONA PRODUTTIVA<br \/>\nCaraibi Jerez De La Frontera<\/p>\n<p>MATERIA PRIMA<br \/>\nRon di melassa provenienti da Barbados e Guyana scelti, tra i pi\u00f9 raffinati, dal Master Blender.<\/p>\n<p>DISTILLAZIONE<br \/>\nLa distillazione viene effettuata in alambicchi a 65 \u00b0 per l&#8217;ottenimento di eccellenti acquaviti.<\/p>\n<p>COLORE<br \/>\nAmbra scuro<\/p>\n<p>PROFUMO<br \/>\nEvidenti aromi di sherry ed in particolare del dolce Pedro Ximenez, caratteristico del Ron Dos Maderas PX 5+ 5.<\/p>\n<p>ABBINAMENTI<br \/>\nIdeale da bere in calici adatti ai grandi distillati invecchiati.<\/p>\n<p>SAPORE<br \/>\nAl palato una prima sensazione di un ron rotondo e secco, poi iniziano ad emergere le sottili note di morbidezza e dolcezza delle botti di Pedro Ximenez lasciando un piacevole retrogusto mediodolce.<\/p>\n<p>NOTE<br \/>\nFondata nel 1877 da Sir Alexander Williams e Arthur Humbert. Da oltre 130 anni simbolo di tradizione e qualit\u00e0; la Bodegas Williams&amp;Humbert ha partecipato attivamente alla creazione della denominazione di origine Jerez. X\u00e9r\u00e8s Brandy \u00e8 riconosciuta come una delle cantine pi\u00f9 prestigiose al mondo.<\/p>\n<p>INVECCHIAMENTO<br \/>\nBlend dei migliori Ron di Barbados e Guyana invecchiati 10 anni in botti ex Bourbon e blend delle migliori botti di Ron Dos Maderas PX 5+5.<\/p>\n<p>Gradazione alcolica: 42%<br \/>\nFormato: 70 cl.<\/p>","protected":false},"excerpt":{"rendered":"<p>Blend dei migliori Ron di Barbados e Guyana invecchiati 10 anni in botti ex Bourbon e blend delle migliori botti di Ron Dos Maderas PX 5+5.<\/p>","protected":false},"featured_media":72596,"comment_status":"open","ping_status":"closed","template":"","meta":{"_joinchat":[]},"product_brand":[590],"product_cat":[567,385],"product_tag":[387,388,411,344],"class_list":{"0":"post-73345","1":"product","2":"type-product","3":"status-publish","4":"has-post-thumbnail","6":"product_brand-dos-maderas","7":"product_cat-distillati","8":"product_cat-ron-rum-rhum","9":"product_tag-rhum","10":"product_tag-ron","11":"product_tag-ron-dos-maderas","12":"product_tag-rum","14":"first","15":"instock","16":"shipping-taxable","17":"purchasable","18":"product-type-simple"},"jetpack_sharing_enabled":true,"_links":{"self":[{"href":"https:\/\/baffomagico.it\/en\/wp-json\/wp\/v2\/product\/73345","targetHints":{"allow":["GET"]}}],"collection":[{"href":"https:\/\/baffomagico.it\/en\/wp-json\/wp\/v2\/product"}],"about":[{"href":"https:\/\/baffomagico.it\/en\/wp-json\/wp\/v2\/types\/product"}],"replies":[{"embeddable":true,"href":"https:\/\/baffomagico.it\/en\/wp-json\/wp\/v2\/comments?post=73345"}],"wp:featuredmedia":[{"embeddable":true,"href":"https:\/\/baffomagico.it\/en\/wp-json\/wp\/v2\/media\/72596"}],"wp:attachment":[{"href":"https:\/\/baffomagico.it\/en\/wp-json\/wp\/v2\/media?parent=73345"}],"wp:term":[{"taxonomy":"product_brand","embeddable":true,"href":"https:\/\/baffomagico.it\/en\/wp-json\/wp\/v2\/product_brand?post=73345"},{"taxonomy":"product_cat","embeddable":true,"href":"https:\/\/baffomagico.it\/en\/wp-json\/wp\/v2\/product_cat?post=73345"},{"taxonomy":"product_tag","embeddable":true,"href":"https:\/\/baffomagico.it\/en\/wp-json\/wp\/v2\/product_tag?post=73345"}],"curies":[{"name":"wp","href":"https:\/\/api.w.org\/{rel}","templated":true}]}}