{"id":73344,"date":"2026-02-13T14:39:15","date_gmt":"2026-02-13T13:39:15","guid":{"rendered":"https:\/\/baffomagico.it\/?post_type=product&#038;p=73344"},"modified":"2026-03-26T18:58:48","modified_gmt":"2026-03-26T17:58:48","slug":"ron-dos-maderas-dos-maderas-px-53-anni","status":"publish","type":"product","link":"https:\/\/baffomagico.it\/en\/product\/ron-dos-maderas-dos-maderas-px-53-anni\/","title":{"rendered":"Ron Dos Maderas &#8211; Dos Maderas PX 5+3 anni"},"content":{"rendered":"<p>TIPOLOGIA<br \/>\nRon<\/p>\n<p>ZONA PRODUTTIVA<br \/>\nCaraibi Jerez De La Frontera<\/p>\n<p>MATERIA PRIMA<br \/>\nRon di melassa provenienti da Barbados e Guyana scelti, tra i pi\u00f9 raffinati, dal Master Blender.<\/p>\n<p>COLORE<br \/>\nAmbra<\/p>\n<p>PROFUMO<br \/>\nGli aromi sono dolci e intriganti e rappresentano l&#8217;invito ad un assaggio ricco e pieno di profumi.<\/p>\n<p>ABBINAMENTI<br \/>\nIdeale da bere in calici adatti ai grandi distillati invecchiati . Accompagnare questo Ron con del cioccolato o dolci alla canella lo rendono unico<\/p>\n<p>SAPORE<br \/>\nIl bouquet gustativo \u00e8 caratterizzato da una singolare morbidezza.<\/p>\n<p>NOTE<br \/>\nFondata nel 1877 da Sir Alexander Williams e Arthur Humbert. Da oltre 130 anni simbolo di tradizione e qualit\u00e0 la Bodegas Williams &amp;Humbert ha partecipato attivamente alla creazione della denominazione di origine Jerez. X\u00e9r\u00e8s Brandy \u00e8 riconosciuta come una delle cantine pi\u00f9 prestigioseal mondo.<\/p>\n<p>INVECCHIAMENTO<br \/>\nIl Ron Dos Maderas 5+3 invecchia per cinque anni ai Caraibi (Guyana e Barbados), in botti di Bourbon e successivamente viene trasferito alla Williams Humbert in Jerez (Spagna), dove avviene il suo ultimo periodo di invecchiamento per altri 3 anni in botti di Sherry Dos Cortados (Paolo Cortado).<\/p>\n<p>Gradazione alcolica: 37,5%<br \/>\nFormato: 70 cl.<\/p>","protected":false},"excerpt":{"rendered":"<p>Il Ron Dos Maderas 5+3 invecchia per cinque anni ai Caraibi (Guyana e Barbados), in botti di Bourbon e successivamente viene trasferito alla Williams Humbert in Jerez (Spagna), dove avviene il suo ultimo periodo di invecchiamento per altri 3 anni in botti di Sherry Dos Cortados (Paolo Cortado).<\/p>","protected":false},"featured_media":72595,"comment_status":"open","ping_status":"closed","template":"","meta":{"_joinchat":[]},"product_brand":[590],"product_cat":[567,385],"product_tag":[387,411,344],"class_list":{"0":"post-73344","1":"product","2":"type-product","3":"status-publish","4":"has-post-thumbnail","6":"product_brand-dos-maderas","7":"product_cat-distillati","8":"product_cat-ron-rum-rhum","9":"product_tag-rhum","10":"product_tag-ron-dos-maderas","11":"product_tag-rum","13":"first","14":"instock","15":"shipping-taxable","16":"purchasable","17":"product-type-simple"},"jetpack_sharing_enabled":true,"_links":{"self":[{"href":"https:\/\/baffomagico.it\/en\/wp-json\/wp\/v2\/product\/73344","targetHints":{"allow":["GET"]}}],"collection":[{"href":"https:\/\/baffomagico.it\/en\/wp-json\/wp\/v2\/product"}],"about":[{"href":"https:\/\/baffomagico.it\/en\/wp-json\/wp\/v2\/types\/product"}],"replies":[{"embeddable":true,"href":"https:\/\/baffomagico.it\/en\/wp-json\/wp\/v2\/comments?post=73344"}],"wp:featuredmedia":[{"embeddable":true,"href":"https:\/\/baffomagico.it\/en\/wp-json\/wp\/v2\/media\/72595"}],"wp:attachment":[{"href":"https:\/\/baffomagico.it\/en\/wp-json\/wp\/v2\/media?parent=73344"}],"wp:term":[{"taxonomy":"product_brand","embeddable":true,"href":"https:\/\/baffomagico.it\/en\/wp-json\/wp\/v2\/product_brand?post=73344"},{"taxonomy":"product_cat","embeddable":true,"href":"https:\/\/baffomagico.it\/en\/wp-json\/wp\/v2\/product_cat?post=73344"},{"taxonomy":"product_tag","embeddable":true,"href":"https:\/\/baffomagico.it\/en\/wp-json\/wp\/v2\/product_tag?post=73344"}],"curies":[{"name":"wp","href":"https:\/\/api.w.org\/{rel}","templated":true}]}}