{"id":73337,"date":"2026-02-13T14:39:13","date_gmt":"2026-02-13T13:39:13","guid":{"rendered":"https:\/\/baffomagico.it\/?post_type=product&#038;p=73337"},"modified":"2026-03-16T16:27:04","modified_gmt":"2026-03-16T15:27:04","slug":"francois-peyrot-liqueur-au-cognac-poire-mure-chataigne-cafe","status":"publish","type":"product","link":"https:\/\/baffomagico.it\/en\/product\/francois-peyrot-liqueur-au-cognac-poire-mure-chataigne-cafe\/","title":{"rendered":"Francois Peyrot &#8211; Liqueur au Cognac (Poire, Mure, Chataigne, caf\u00e8)"},"content":{"rendered":"","protected":false},"excerpt":{"rendered":"<p>Il Liqueur au Cognac M\u00fbre di Fran\u00e7ois Peyrot piace per la sua intensit\u00e0 fruttata, realizzato con una parte di Cognac della Grande Champagne, aromi naturali, acqua demineralizzata e uno sciroppo dolce, offre un liquore dal basso contenuto alcolico ma dalla grande piacevolezza.<\/p>","protected":false},"featured_media":72578,"comment_status":"open","ping_status":"closed","template":"","meta":{"_joinchat":[]},"product_brand":[608],"product_cat":[404,567],"product_tag":[405,407,406],"class_list":{"0":"post-73337","1":"product","2":"type-product","3":"status-publish","4":"has-post-thumbnail","6":"product_brand-francois-peyrot","7":"product_cat-cognac-bas-armagnac","8":"product_cat-distillati","9":"product_tag-cognac","10":"product_tag-liquore","11":"product_tag-peyrot","13":"first","14":"instock","15":"shipping-taxable","16":"purchasable","17":"product-type-variable","18":"has-default-attributes"},"jetpack_sharing_enabled":true,"_links":{"self":[{"href":"https:\/\/baffomagico.it\/en\/wp-json\/wp\/v2\/product\/73337","targetHints":{"allow":["GET"]}}],"collection":[{"href":"https:\/\/baffomagico.it\/en\/wp-json\/wp\/v2\/product"}],"about":[{"href":"https:\/\/baffomagico.it\/en\/wp-json\/wp\/v2\/types\/product"}],"replies":[{"embeddable":true,"href":"https:\/\/baffomagico.it\/en\/wp-json\/wp\/v2\/comments?post=73337"}],"wp:featuredmedia":[{"embeddable":true,"href":"https:\/\/baffomagico.it\/en\/wp-json\/wp\/v2\/media\/72578"}],"wp:attachment":[{"href":"https:\/\/baffomagico.it\/en\/wp-json\/wp\/v2\/media?parent=73337"}],"wp:term":[{"taxonomy":"product_brand","embeddable":true,"href":"https:\/\/baffomagico.it\/en\/wp-json\/wp\/v2\/product_brand?post=73337"},{"taxonomy":"product_cat","embeddable":true,"href":"https:\/\/baffomagico.it\/en\/wp-json\/wp\/v2\/product_cat?post=73337"},{"taxonomy":"product_tag","embeddable":true,"href":"https:\/\/baffomagico.it\/en\/wp-json\/wp\/v2\/product_tag?post=73337"}],"curies":[{"name":"wp","href":"https:\/\/api.w.org\/{rel}","templated":true}]}}