{"id":73326,"date":"2026-02-13T14:39:12","date_gmt":"2026-02-13T13:39:12","guid":{"rendered":"https:\/\/baffomagico.it\/?post_type=product&#038;p=73326"},"modified":"2026-03-16T16:31:36","modified_gmt":"2026-03-16T15:31:36","slug":"chateau-du-breuil-calvados-v-s-o-p","status":"publish","type":"product","link":"https:\/\/baffomagico.it\/en\/product\/chateau-du-breuil-calvados-v-s-o-p\/","title":{"rendered":"Ch\u00e2teau du Breuil &#8211; Calvados V.S.O.P."},"content":{"rendered":"<p>TIPOLOGIA Calvados Pays d&#8217;Auge A.O.C. &#8211; &#8221; VSOP &#8221;<\/p>\n<p>ZONA PRODUTTIVA Pays d\u2019Auge<\/p>\n<p>MATERIA PRIMA Dalla macerazione a freddo di bacche di mirto sardo e zucchero.<\/p>\n<p>DISTILLAZIONE Prima di ottenere il sidro, le mele vengono sottoposte alla miscelazione e alla spremitura, quindi vengono accuratamente lavate e trattate per estrarre da una parte la polpa del frutto, e dall&#8217;altra il mosto che dovr\u00e0 macerare per almeno 6 settimane prima di raggiungere il grado alcolico richiesto per la distillazione, ovvero 4,5% vol. minimo.<\/p>\n<p>TIPOLOGIA DEL TERRENO Terreno argilloso, ricco di azoto e potassio.<\/p>\n<p>COLORE Brillante e luminoso<\/p>\n<p>PROFUMO Sentori freschi e coinvolgenti, morbidi e rotondi che, oltre a ricordare le mele, richiamano lo zucchero di canna.<\/p>\n<p>SAPORE Morbido e rotondo con note di frutta matura e mela cotogna. Buona lunghezza in bocca con una leggera freschezza. Morbido e rotondo anche all\u2019assaggio, con una piacevole lunghezza.<\/p>\n<p>INVECCHIAMENTO Minimo 4 anni in botti di quercia.<\/p>\n<p>Gradazione alcolica: 40%<br \/>\nFormato: 70 cl.<\/p>","protected":false},"excerpt":{"rendered":"<p>Il Calvados VSOP \u00e8 prodotto con sidro di mele della migliore qualit\u00e0, raccolto dai frutteti dello Ch\u00e2teau du Breuil. Una volta ottenuto il mosto e lasciato macerare per 6 settimane, viene distillato e invecchiato per almeno 4 anni in botti di rovere.<\/p>","protected":false},"featured_media":72558,"comment_status":"open","ping_status":"closed","template":"","meta":{"_joinchat":[]},"product_brand":[605],"product_cat":[383,567],"product_tag":[396,397],"class_list":{"0":"post-73326","1":"product","2":"type-product","3":"status-publish","4":"has-post-thumbnail","6":"product_brand-chateau-du-breuil","7":"product_cat-calvados","8":"product_cat-distillati","9":"product_tag-calvados","10":"product_tag-chateau-du-breuil","12":"first","13":"instock","14":"shipping-taxable","15":"purchasable","16":"product-type-simple"},"jetpack_sharing_enabled":true,"_links":{"self":[{"href":"https:\/\/baffomagico.it\/en\/wp-json\/wp\/v2\/product\/73326","targetHints":{"allow":["GET"]}}],"collection":[{"href":"https:\/\/baffomagico.it\/en\/wp-json\/wp\/v2\/product"}],"about":[{"href":"https:\/\/baffomagico.it\/en\/wp-json\/wp\/v2\/types\/product"}],"replies":[{"embeddable":true,"href":"https:\/\/baffomagico.it\/en\/wp-json\/wp\/v2\/comments?post=73326"}],"wp:featuredmedia":[{"embeddable":true,"href":"https:\/\/baffomagico.it\/en\/wp-json\/wp\/v2\/media\/72558"}],"wp:attachment":[{"href":"https:\/\/baffomagico.it\/en\/wp-json\/wp\/v2\/media?parent=73326"}],"wp:term":[{"taxonomy":"product_brand","embeddable":true,"href":"https:\/\/baffomagico.it\/en\/wp-json\/wp\/v2\/product_brand?post=73326"},{"taxonomy":"product_cat","embeddable":true,"href":"https:\/\/baffomagico.it\/en\/wp-json\/wp\/v2\/product_cat?post=73326"},{"taxonomy":"product_tag","embeddable":true,"href":"https:\/\/baffomagico.it\/en\/wp-json\/wp\/v2\/product_tag?post=73326"}],"curies":[{"name":"wp","href":"https:\/\/api.w.org\/{rel}","templated":true}]}}