{"id":73316,"date":"2026-02-13T14:39:12","date_gmt":"2026-02-13T13:39:12","guid":{"rendered":"https:\/\/baffomagico.it\/?post_type=product&#038;p=73316"},"modified":"2026-03-16T16:28:27","modified_gmt":"2026-03-16T15:28:27","slug":"ron-millonario-millonario-10-aniversario-cincuenta","status":"publish","type":"product","link":"https:\/\/baffomagico.it\/en\/product\/ron-millonario-millonario-10-aniversario-cincuenta\/","title":{"rendered":"Ron Millonario &#8211; Millonario 10 Aniversario Cincuenta"},"content":{"rendered":"<p>Ron Millonario 10 Aniversario Cincuenta \u00e8 basato sulla stessa ricetta, blend e tipo di maturazione del 10 Aniversario Reserva, ma \u00e8 imbottigliato a gradazione pi\u00f9 elevata per soddisfare le richieste dai baristi di tutto il mondo per un rum che fosse facile e dolce ma che offrisse una maggiore intensit\u00e0 di gusto.<\/p>\n<p>Un ingrediente importante per creare cocktail con carattere e forza, ma anche un rum pi\u00f9 adatto al consumo on the rocks senza che il ghiaccio sciogliendosi diluisca eccessivamente la potenza e il calore del distillato.<br \/>\nIl design della bottiglia e della confezione \u00e8 moderno ed elegante, nello stesso stile grafico di Ron Millonario 10 Aniversario Reserva e con lo stesso innovativo tappo in vetro trasparente per mantenere il family feeling, ma in oro invece che in nero.<\/p>\n<p><strong>NOTE DI DEGUSTAZIONE<\/strong><br \/>\nRiprende la frutta dolce, la vaniglia e il cioccolato del 10 Aniversario Reserva, ma \u00e8 molto pi\u00f9 intenso e concentrato. Al palato \u00e8 pi\u00f9 ricco, quasi tattile, con una carezza pi\u00f9 robusta alla lingua e al palato. La gradazione pi\u00f9 elevata accentua le note asciutte e vinose delle botti di sherry. Il risultato \u00e8 una via di mezzo fra la facile freschezza del 10 Aniversario Reserva e la dolcezza pi\u00f9 autunnale del Solera 15.<\/p>","protected":false},"excerpt":{"rendered":"<p>Ron Millonario 10 Aniversario Cincuenta \u00e8 basato sulla stessa ricetta, tipo di maturazione e blend del 10 Aniversario Reserva, ma \u00e8 imbottigliato a una gradazione pi\u00f9 elevata per soddisfare la richiesta da parte dei barman di tutto il mondo di un rum facile e dolce ma allo stesso tempo dal sapore intenso.<\/p>","protected":false},"featured_media":72538,"comment_status":"open","ping_status":"closed","template":"","meta":{"_joinchat":[]},"product_brand":[591],"product_cat":[567,385],"product_tag":[387,388,386,344],"class_list":{"0":"post-73316","1":"product","2":"type-product","3":"status-publish","4":"has-post-thumbnail","6":"product_brand-millonario","7":"product_cat-distillati","8":"product_cat-ron-rum-rhum","9":"product_tag-rhum","10":"product_tag-ron","11":"product_tag-ron-millonario","12":"product_tag-rum","14":"first","15":"instock","16":"shipping-taxable","17":"purchasable","18":"product-type-simple"},"jetpack_sharing_enabled":true,"_links":{"self":[{"href":"https:\/\/baffomagico.it\/en\/wp-json\/wp\/v2\/product\/73316","targetHints":{"allow":["GET"]}}],"collection":[{"href":"https:\/\/baffomagico.it\/en\/wp-json\/wp\/v2\/product"}],"about":[{"href":"https:\/\/baffomagico.it\/en\/wp-json\/wp\/v2\/types\/product"}],"replies":[{"embeddable":true,"href":"https:\/\/baffomagico.it\/en\/wp-json\/wp\/v2\/comments?post=73316"}],"wp:featuredmedia":[{"embeddable":true,"href":"https:\/\/baffomagico.it\/en\/wp-json\/wp\/v2\/media\/72538"}],"wp:attachment":[{"href":"https:\/\/baffomagico.it\/en\/wp-json\/wp\/v2\/media?parent=73316"}],"wp:term":[{"taxonomy":"product_brand","embeddable":true,"href":"https:\/\/baffomagico.it\/en\/wp-json\/wp\/v2\/product_brand?post=73316"},{"taxonomy":"product_cat","embeddable":true,"href":"https:\/\/baffomagico.it\/en\/wp-json\/wp\/v2\/product_cat?post=73316"},{"taxonomy":"product_tag","embeddable":true,"href":"https:\/\/baffomagico.it\/en\/wp-json\/wp\/v2\/product_tag?post=73316"}],"curies":[{"name":"wp","href":"https:\/\/api.w.org\/{rel}","templated":true}]}}