{"id":73315,"date":"2026-02-13T14:39:12","date_gmt":"2026-02-13T13:39:12","guid":{"rendered":"https:\/\/baffomagico.it\/?post_type=product&#038;p=73315"},"modified":"2026-03-16T16:28:09","modified_gmt":"2026-03-16T15:28:09","slug":"ron-millonario-millonario-10-aniversario-reserva","status":"publish","type":"product","link":"https:\/\/baffomagico.it\/en\/product\/ron-millonario-millonario-10-aniversario-reserva\/","title":{"rendered":"Ron Millonario &#8211; Millonario 10 Aniversario Reserva"},"content":{"rendered":"<p>Il nostro tributo a una storia di successo, per il decimo anniversario di Ron Millonario: un rum fresco e leggero con un\u2019immagine giovanile, di vibrante vita notturna, di gioiosa modernit\u00e0. Una modernit\u00e0 di gusto e immagine che cela pi\u00f9 di un secolo di tradizione.<br \/>\nPensato per la vendita in enoteca e nei bar e nightclub, Ron Millonario 10 Aniversario Reserva \u00e8 offerto a un prezzo attraente e si presenta in una bottiglia con tappo trasparente, con un\u2019etichetta che riecheggia il design tradizionale del classico 15 Reserva Especial ma graficamente rinnovata con uno schema cromatico pi\u00f9 moderno.<\/p>\n<p>Il confezionamento in un elegante tubo lo rende ancora pi\u00f9 attraente e ideale per un regalo.<\/p>\n<p><strong>NOTE DI DEGUSTAZIONE<\/strong><br \/>\nRon Millonario 10 Aniversario Reserva \u00e8 una nuova ricetta appositamente pensata per offrire una versione pi\u00f9 fresca, fragrante e facile del profilo di gusto dolce, ricco e fruttato che \u00e8 tipico di Ron Millonario. La miscela segreta di rum pi\u00f9 leggeri invecchiati in botti di bourbon, con una percentuale minore di rum pi\u00f9 vecchi da botti di sherry, lo rende particolarmente adatto al consumo con ghiaccio e in tutti i cocktail che richiedono un rum dolce in stile latino. Dolci note di vaniglia, frutta (banana, albicocca, uvetta), e un accenno di ricchezza di vino passito e cioccolato.<\/p>","protected":false},"excerpt":{"rendered":"<p>Il nuovo imbottigliamento &#8220;10 Aniversario Reserva&#8221; \u00e8 il tributo a una storia di successo, e un modo di rendere Ron Millonario ancora pi\u00f9 appetibile per un vasto pubblico senza sacrificare nulla dal punto di vista qualitativo.<\/p>","protected":false},"featured_media":72537,"comment_status":"open","ping_status":"closed","template":"","meta":{"_joinchat":[]},"product_brand":[591],"product_cat":[567,385],"product_tag":[387,388,386,344],"class_list":{"0":"post-73315","1":"product","2":"type-product","3":"status-publish","4":"has-post-thumbnail","6":"product_brand-millonario","7":"product_cat-distillati","8":"product_cat-ron-rum-rhum","9":"product_tag-rhum","10":"product_tag-ron","11":"product_tag-ron-millonario","12":"product_tag-rum","14":"first","15":"instock","16":"shipping-taxable","17":"purchasable","18":"product-type-simple"},"jetpack_sharing_enabled":true,"_links":{"self":[{"href":"https:\/\/baffomagico.it\/en\/wp-json\/wp\/v2\/product\/73315","targetHints":{"allow":["GET"]}}],"collection":[{"href":"https:\/\/baffomagico.it\/en\/wp-json\/wp\/v2\/product"}],"about":[{"href":"https:\/\/baffomagico.it\/en\/wp-json\/wp\/v2\/types\/product"}],"replies":[{"embeddable":true,"href":"https:\/\/baffomagico.it\/en\/wp-json\/wp\/v2\/comments?post=73315"}],"wp:featuredmedia":[{"embeddable":true,"href":"https:\/\/baffomagico.it\/en\/wp-json\/wp\/v2\/media\/72537"}],"wp:attachment":[{"href":"https:\/\/baffomagico.it\/en\/wp-json\/wp\/v2\/media?parent=73315"}],"wp:term":[{"taxonomy":"product_brand","embeddable":true,"href":"https:\/\/baffomagico.it\/en\/wp-json\/wp\/v2\/product_brand?post=73315"},{"taxonomy":"product_cat","embeddable":true,"href":"https:\/\/baffomagico.it\/en\/wp-json\/wp\/v2\/product_cat?post=73315"},{"taxonomy":"product_tag","embeddable":true,"href":"https:\/\/baffomagico.it\/en\/wp-json\/wp\/v2\/product_tag?post=73315"}],"curies":[{"name":"wp","href":"https:\/\/api.w.org\/{rel}","templated":true}]}}