{"id":73312,"date":"2026-02-13T14:39:11","date_gmt":"2026-02-13T13:39:11","guid":{"rendered":"https:\/\/baffomagico.it\/?post_type=product&#038;p=73312"},"modified":"2026-03-16T16:32:24","modified_gmt":"2026-03-16T15:32:24","slug":"ron-millonario-millonario-15-reserva-especial","status":"publish","type":"product","link":"https:\/\/baffomagico.it\/en\/product\/ron-millonario-millonario-15-reserva-especial\/","title":{"rendered":"Ron Millonario &#8211; Millonario 15 Reserva Especial"},"content":{"rendered":"<p>Millonario 15 Reserva Especial, il primo a vedere la luce e a dare inizio a una lunga storia di successi. Il suo dolce bouquet, il suo corpo e il suo calore nascono dalla lenta fermentazione di melassa di canna da zucchero e da un\u2019accurata tecnica di distillazione.<\/p>\n<p>Un paziente invecchiamento fino a 15 anni in botti di rovere organizzate secondo un sistema solera garantisce stabilit\u00e0 di gusto nel corso degli anni e una morbidezza vellutata. Millonario 15 Reserva Especial \u00e8 il prodotto pi\u00f9 bilanciato della gamma, da degustare liscio oppure on the rocks.<br \/>\nOgni bottiglia \u00e8 avvolta in fibre di palma Toquilla intrecciate a mano, provenienti dalla cittadina di Catacaos, vicino a Piura, nel nord del Peru. Un packaging iconico ed elegante che evoca tradizione e artigianato popolare.<\/p>\n<p><strong>Naso<\/strong>: Ricco di frutta candita, prugne secche, cacao, cocco e chiodo di garofano.<br \/>\n<strong>Palato<\/strong>: Dolce al palato, con note di uva sultanina e leggermente vinose. Avvolgente e burroso. Note di toffee e cioccolato accompagnano il gusto della melassa di canna da zucchero<br \/>\n<strong>Finale<\/strong>: ricchissimo. Da degustare lentamente, magari in abbinamento a del cioccolato fondente.<\/p>","protected":false},"excerpt":{"rendered":"<p>Millonario 15 Reserva Especial, il primo a vedere la luce e a dare inizio a una lunga storia di successi.<\/p>","protected":false},"featured_media":72530,"comment_status":"open","ping_status":"closed","template":"","meta":{"_joinchat":[]},"product_brand":[591],"product_cat":[567,385],"product_tag":[386],"class_list":{"0":"post-73312","1":"product","2":"type-product","3":"status-publish","4":"has-post-thumbnail","6":"product_brand-millonario","7":"product_cat-distillati","8":"product_cat-ron-rum-rhum","9":"product_tag-ron-millonario","11":"first","12":"instock","13":"shipping-taxable","14":"purchasable","15":"product-type-simple"},"jetpack_sharing_enabled":true,"_links":{"self":[{"href":"https:\/\/baffomagico.it\/en\/wp-json\/wp\/v2\/product\/73312","targetHints":{"allow":["GET"]}}],"collection":[{"href":"https:\/\/baffomagico.it\/en\/wp-json\/wp\/v2\/product"}],"about":[{"href":"https:\/\/baffomagico.it\/en\/wp-json\/wp\/v2\/types\/product"}],"replies":[{"embeddable":true,"href":"https:\/\/baffomagico.it\/en\/wp-json\/wp\/v2\/comments?post=73312"}],"wp:featuredmedia":[{"embeddable":true,"href":"https:\/\/baffomagico.it\/en\/wp-json\/wp\/v2\/media\/72530"}],"wp:attachment":[{"href":"https:\/\/baffomagico.it\/en\/wp-json\/wp\/v2\/media?parent=73312"}],"wp:term":[{"taxonomy":"product_brand","embeddable":true,"href":"https:\/\/baffomagico.it\/en\/wp-json\/wp\/v2\/product_brand?post=73312"},{"taxonomy":"product_cat","embeddable":true,"href":"https:\/\/baffomagico.it\/en\/wp-json\/wp\/v2\/product_cat?post=73312"},{"taxonomy":"product_tag","embeddable":true,"href":"https:\/\/baffomagico.it\/en\/wp-json\/wp\/v2\/product_tag?post=73312"}],"curies":[{"name":"wp","href":"https:\/\/api.w.org\/{rel}","templated":true}]}}